{"id":1078,"date":"2023-06-14T14:50:12","date_gmt":"2023-06-14T14:50:12","guid":{"rendered":"https:\/\/todo-derecho.com\/?page_id=1078"},"modified":"2025-05-11T19:35:44","modified_gmt":"2025-05-11T19:35:44","slug":"arte-egipcio","status":"publish","type":"page","link":"https:\/\/todo-derecho.com\/?page_id=1078","title":{"rendered":"Arte egipcio."},"content":{"rendered":"\n<p>Nuestro despacho jur\u00eddico le ofrece un servicio especializado en asesoramiento jur\u00eddico sobre Arte y patrimonio hist\u00f3rico, art\u00edstico y cultural.<\/p>\n\n\n\n<p><strong>ELISABET NATIVIDAD GUTI\u00c9RREZ ALCAL\u00c1.<\/strong><\/p>\n\n\n\n<p><strong>Abogada ejerciente. Col.n\u00ba 6.346 en el Ilustre Colegio de Abogados de Granada.<\/strong><\/p>\n\n\n\n<p><strong>Direcci\u00f3n:<\/strong><\/p>\n\n\n\n<p>C\/Juan Pedernal, n\u00ba 4, BAJOS. C.P. 18.500 Guadix (Granada).<br>Residencial Paraiso de Macael.<\/p>\n\n\n\n<p><strong>Cita previa m\u00f3vil 1: 690 303 447.<\/strong><\/p>\n\n\n\n<p><strong>Cita previa m\u00f3vil 2: 656 256 803.<\/strong><\/p>\n\n\n\n<p><strong>Tel\u00e9fono despacho 1: 958 68 80 03.<\/strong><\/p>\n\n\n\n<p><strong>Tel\u00e9fono despacho 2: 958 68 09 00.<\/strong><\/p>\n\n\n\n<p><strong>Fax: 958 68 80 03.<\/strong><\/p>\n\n\n\n<p><strong>E-mail:&nbsp;<\/strong><\/p>\n\n\n\n<p><strong><a href=\"mailto:elisabeth.gutierrez.alcala@gmail.com\">elisabeth.gutierrez.alcala@gmail.com<\/a><\/strong><\/p>\n\n\n\n<p><strong>E-mail:\u00a0<a href=\"mailto:despacho@todo-derecho.com\">despacho@todo-derecho.com<\/a><\/strong><\/p>\n\n\n\n<p><\/p>\n\n\n\n<p>El arte egipcio, su escultura, arquitectura, pintura, relieves, jerogl\u00edficos es fascinante. \u00bfSab\u00eda que los monumentos estaban pintados con colores muy llamativos? y que perdieron el color debido a la mala condici\u00f3n atmosf\u00e9rica y elementos como la humedad a causa de la construcci\u00f3n de la presa Asu\u00e1n (por tanto es relativamente cercano a nuestro tiempo, siglo XX).<\/p>\n\n\n\n<p>Un ejemplo. <strong>Templo de Debod.<\/strong><\/p>\n\n\n\n<p>En Espa\u00f1a tenemos una peque\u00f1a representaci\u00f3n de Egipto \u00abEl Templo de Debod\u00bb en Madrid.  Ubicado originariamente en <strong>Nubia (Abu Simbel)<\/strong>. Se pudo salvar para evitar que fuera destruido debido a la construcci\u00f3n de la presa de <strong>Asu\u00e1n<\/strong>.<\/p>\n\n\n\n<p>Realmente fue una aut\u00e9ntica haza\u00f1a trasladar todo el monumento hasta la calle Ferraz. Se traslad\u00f3 pieza a pieza como si fuera un puzzle.<\/p>\n\n\n\n<figure class=\"wp-block-image aligncenter size-large\"><img loading=\"lazy\" decoding=\"async\" width=\"1024\" height=\"768\" src=\"https:\/\/todo-derecho.com\/wp-content\/uploads\/2024\/03\/S8003836-1024x768.jpg\" alt=\"\" class=\"wp-image-4241\" srcset=\"https:\/\/todo-derecho.com\/wp-content\/uploads\/2024\/03\/S8003836-1024x768.jpg 1024w, https:\/\/todo-derecho.com\/wp-content\/uploads\/2024\/03\/S8003836-300x225.jpg 300w, https:\/\/todo-derecho.com\/wp-content\/uploads\/2024\/03\/S8003836-768x576.jpg 768w, https:\/\/todo-derecho.com\/wp-content\/uploads\/2024\/03\/S8003836-1536x1152.jpg 1536w, https:\/\/todo-derecho.com\/wp-content\/uploads\/2024\/03\/S8003836-2048x1536.jpg 2048w\" sizes=\"auto, (max-width: 1024px) 100vw, 1024px\" \/><figcaption class=\"wp-element-caption\">Vista del Templo de Debod. Madrid. Espa\u00f1a. Fotograf\u00eda gentileza de Elisabet Natividad Guti\u00e9rrez Alcal\u00e1. <br>Abogada ejerciente col.n\u00ba 6346 Ilustre Colegio de Abogados de Granada.<\/figcaption><\/figure>\n\n\n\n<figure class=\"wp-block-image aligncenter size-large\"><img loading=\"lazy\" decoding=\"async\" width=\"1024\" height=\"768\" src=\"https:\/\/todo-derecho.com\/wp-content\/uploads\/2024\/03\/S8003838-1024x768.jpg\" alt=\"\" class=\"wp-image-4247\" srcset=\"https:\/\/todo-derecho.com\/wp-content\/uploads\/2024\/03\/S8003838-1024x768.jpg 1024w, https:\/\/todo-derecho.com\/wp-content\/uploads\/2024\/03\/S8003838-300x225.jpg 300w, https:\/\/todo-derecho.com\/wp-content\/uploads\/2024\/03\/S8003838-768x576.jpg 768w, https:\/\/todo-derecho.com\/wp-content\/uploads\/2024\/03\/S8003838-1536x1152.jpg 1536w, https:\/\/todo-derecho.com\/wp-content\/uploads\/2024\/03\/S8003838-2048x1536.jpg 2048w\" sizes=\"auto, (max-width: 1024px) 100vw, 1024px\" \/><figcaption class=\"wp-element-caption\">Vista parcial del Templo de Debod. Madrid. Espa\u00f1a. <br> Fotograf\u00eda gentileza de Elisabet Natividad Guti\u00e9rrez Alcal\u00e1. <br>Abogada ejerciente col.n\u00ba 6346 Ilustre Colegio de Abogados de Granada.<\/figcaption><\/figure>\n\n\n\n<figure class=\"wp-block-image aligncenter size-large is-resized\"><img loading=\"lazy\" decoding=\"async\" width=\"694\" height=\"1024\" src=\"https:\/\/todo-derecho.com\/wp-content\/uploads\/2023\/06\/img768-1-694x1024.jpg\" alt=\"\" class=\"wp-image-1083\" style=\"width:686px;height:1012px\" srcset=\"https:\/\/todo-derecho.com\/wp-content\/uploads\/2023\/06\/img768-1-694x1024.jpg 694w, https:\/\/todo-derecho.com\/wp-content\/uploads\/2023\/06\/img768-1-203x300.jpg 203w, https:\/\/todo-derecho.com\/wp-content\/uploads\/2023\/06\/img768-1-768x1133.jpg 768w, https:\/\/todo-derecho.com\/wp-content\/uploads\/2023\/06\/img768-1-1042x1536.jpg 1042w, https:\/\/todo-derecho.com\/wp-content\/uploads\/2023\/06\/img768-1.jpg 1085w\" sizes=\"auto, (max-width: 694px) 100vw, 694px\" \/><\/figure>\n\n\n\n<p>Apuntes y dibujo sobre Tutankam\u00f3n. Gentileza de de Elisabet Natividad Guti\u00e9rrez Alcal\u00e1. Abogada ejerciente col.n\u00ba 6346 Ilustre Colegio de Abogados de Granada. <\/p>\n\n\n\n<figure class=\"wp-block-image aligncenter size-large is-resized\"><img loading=\"lazy\" decoding=\"async\" width=\"707\" height=\"1024\" src=\"https:\/\/todo-derecho.com\/wp-content\/uploads\/2023\/06\/img769-707x1024.jpg\" alt=\"\" class=\"wp-image-1086\" style=\"width:677px;height:auto\" srcset=\"https:\/\/todo-derecho.com\/wp-content\/uploads\/2023\/06\/img769-707x1024.jpg 707w, https:\/\/todo-derecho.com\/wp-content\/uploads\/2023\/06\/img769-207x300.jpg 207w, https:\/\/todo-derecho.com\/wp-content\/uploads\/2023\/06\/img769-768x1113.jpg 768w, https:\/\/todo-derecho.com\/wp-content\/uploads\/2023\/06\/img769-1060x1536.jpg 1060w, https:\/\/todo-derecho.com\/wp-content\/uploads\/2023\/06\/img769.jpg 1104w\" sizes=\"auto, (max-width: 707px) 100vw, 707px\" \/><figcaption class=\"wp-element-caption\">Horus. Dibujo y apuntes de Elisabet Natividad Guti\u00e9rrez Alcal\u00e1. Abogada ejerciente col.n\u00ba 6346 Ilustre Colegio de Abogados de Granada.<\/figcaption><\/figure>\n\n\n\n<p><\/p>\n\n\n\n<figure class=\"wp-block-image aligncenter size-large\"><img loading=\"lazy\" decoding=\"async\" width=\"1024\" height=\"1024\" src=\"https:\/\/todo-derecho.com\/wp-content\/uploads\/2023\/06\/egipto-1024x1024.jpg\" alt=\"\" class=\"wp-image-1214\" srcset=\"https:\/\/todo-derecho.com\/wp-content\/uploads\/2023\/06\/egipto-1024x1024.jpg 1024w, https:\/\/todo-derecho.com\/wp-content\/uploads\/2023\/06\/egipto-300x300.jpg 300w, https:\/\/todo-derecho.com\/wp-content\/uploads\/2023\/06\/egipto-150x150.jpg 150w, https:\/\/todo-derecho.com\/wp-content\/uploads\/2023\/06\/egipto-768x768.jpg 768w, https:\/\/todo-derecho.com\/wp-content\/uploads\/2023\/06\/egipto.jpg 1080w\" sizes=\"auto, (max-width: 1024px) 100vw, 1024px\" \/><figcaption class=\"wp-element-caption\">Idea de la gran pir\u00e1mide a vista de p\u00e1jaro. <br>Dibujo de Elisabet Natividad Guti\u00e9rrez Alcal\u00e1. <br>Abogada ejerciente col.n\u00ba 6346 Ilustre Colegio de Abogados de Granada.<\/figcaption><\/figure>\n\n\n\n<p>*****************<\/p>\n\n\n\n<p><strong>UN EJEMPLO DE FICHA CATALOGR\u00c1FICA:<\/strong><\/p>\n\n\n\n<ol class=\"wp-block-list\">\n<li>T\u00edtulo de la obra :<strong> Base y pies del coloso con el nombre de Amenofis III.<\/strong><\/li>\n\n\n\n<li>Autor . Autor desconocido.<\/li>\n\n\n\n<li>Cronolog\u00eda XVIII dinast\u00eda, 1.400 a.C. aprox.<\/li>\n\n\n\n<li>Dimensiones. Alto: 1,57 m, ancho 1,44 m, di\u00e1metro 2,25 m.<\/li>\n\n\n\n<li>Material y t\u00e9cnica.<br>5.1. Material: Granito rosa.<br>5.2. T\u00e9cnica Escultura de bulto redondo, con grabados en la base de la escultura.<\/li>\n\n\n\n<li>Localizaci\u00f3n, Museo del Louvre, Par\u00eds. Antig\u00fcedades egipcias, A18, (hallada en Kom el Hetan, Tebas oeste, Egipto).<\/li>\n\n\n\n<li>Cultura: Antiguo Egipto.<\/li>\n\n\n\n<li>Breve Comentario:<br>8.1. Breve descripci\u00f3n f\u00edsica de la obra.<br>Escultura colosal de piedra, de la cual se conserva s\u00f3lo la base y los pies (altura estimada total 8 metros), destacando las piernas del coloso por su robustez. En la base hay inscripciones jerogl\u00edficas, con los cartuchos de Amenofis III, coronados por las figuras de cautivos que representan a los pueblos del sur gobernados por el monarca.<\/li>\n<\/ol>\n\n\n\n<figure class=\"wp-block-embed is-type-wp-embed is-provider-incrustado wp-block-embed-incrustado\"><div class=\"wp-block-embed__wrapper\">\n<blockquote class=\"wp-embedded-content\" data-secret=\"y9rmjsXLwN\"><a href=\"https:\/\/todo-derecho.com\/?page_id=61\">ACCESO Y CONSULTA ONLINE<\/a><\/blockquote><iframe loading=\"lazy\" class=\"wp-embedded-content\" sandbox=\"allow-scripts\" security=\"restricted\" style=\"position: absolute; visibility: hidden;\" title=\"\u00abACCESO Y CONSULTA ONLINE\u00bb \u2014 \" src=\"https:\/\/todo-derecho.com\/?page_id=61&#038;embed=true#?secret=rwLx7quDLW#?secret=y9rmjsXLwN\" data-secret=\"y9rmjsXLwN\" width=\"500\" height=\"282\" frameborder=\"0\" marginwidth=\"0\" marginheight=\"0\" scrolling=\"no\"><\/iframe>\n<\/div><figcaption class=\"wp-element-caption\">Puede realizar su consulta jur\u00eddica online en el enlace de arriba. <br>Honorarios: 25,00 euros (IVA INCLUIDO).<\/figcaption><\/figure>\n\n\n\n<p>********************<\/p>\n\n\n\n<p>Muchas gracias por su atenci\u00f3n.<\/p>\n\n\n\n<div class=\"wp-block-media-text is-stacked-on-mobile\"><figure class=\"wp-block-media-text__media\"><img loading=\"lazy\" decoding=\"async\" width=\"1001\" height=\"736\" src=\"https:\/\/todo-derecho.com\/wp-content\/uploads\/2025\/05\/image-4-51.jpg\" alt=\"\" class=\"wp-image-9428 size-full\"\/><\/figure><div class=\"wp-block-media-text__content\">\n<p>Investigaci\u00f3n. <\/p>\n\n\n\n<p>Rigor.<\/p>\n\n\n\n<p>Muchas gracias por confiar en nosotros.<\/p>\n<\/div><\/div>\n\n\n\n<p>********************<\/p>\n\n\n\n<p>Web desarrollada por informatic@ Mipc: <a href=\"https:\/\/informaticamipc.com\/es\/\" data-type=\"link\" data-id=\"https:\/\/informaticamipc.com\/es\/\">https:\/\/informaticamipc.com\/es\/<\/a><\/p>\n","protected":false},"excerpt":{"rendered":"<p>Nuestro despacho jur\u00eddico le ofrece un servicio especializado en asesoramiento jur\u00eddico sobre Arte y patrimonio hist\u00f3rico, art\u00edstico y cultural. ELISABET NATIVIDAD GUTI\u00c9RREZ ALCAL\u00c1. Abogada ejerciente. Col.n\u00ba 6.346 en el Ilustre Colegio de Abogados de Granada. Direcci\u00f3n: C\/Juan Pedernal, n\u00ba 4, BAJOS. C.P. 18.500 Guadix (Granada).Residencial Paraiso de Macael. Cita previa m\u00f3vil 1: 690 303 447. &hellip;<\/p>\n<p class=\"read-more\"> <a class=\"\" href=\"https:\/\/todo-derecho.com\/?page_id=1078\"> <span class=\"screen-reader-text\">Arte egipcio.<\/span> Leer m\u00e1s &raquo;<\/a><\/p>\n","protected":false},"author":1,"featured_media":0,"parent":0,"menu_order":0,"comment_status":"closed","ping_status":"closed","template":"","meta":{"site-sidebar-layout":"default","site-content-layout":"default","ast-global-header-display":"","ast-banner-title-visibility":"","ast-main-header-display":"","ast-hfb-above-header-display":"","ast-hfb-below-header-display":"","ast-hfb-mobile-header-display":"","site-post-title":"","ast-breadcrumbs-content":"","ast-featured-img":"","footer-sml-layout":"","theme-transparent-header-meta":"","adv-header-id-meta":"","stick-header-meta":"","header-above-stick-meta":"","header-main-stick-meta":"","header-below-stick-meta":"","footnotes":""},"class_list":["post-1078","page","type-page","status-publish","hentry"],"_links":{"self":[{"href":"https:\/\/todo-derecho.com\/index.php?rest_route=\/wp\/v2\/pages\/1078","targetHints":{"allow":["GET"]}}],"collection":[{"href":"https:\/\/todo-derecho.com\/index.php?rest_route=\/wp\/v2\/pages"}],"about":[{"href":"https:\/\/todo-derecho.com\/index.php?rest_route=\/wp\/v2\/types\/page"}],"author":[{"embeddable":true,"href":"https:\/\/todo-derecho.com\/index.php?rest_route=\/wp\/v2\/users\/1"}],"replies":[{"embeddable":true,"href":"https:\/\/todo-derecho.com\/index.php?rest_route=%2Fwp%2Fv2%2Fcomments&post=1078"}],"version-history":[{"count":45,"href":"https:\/\/todo-derecho.com\/index.php?rest_route=\/wp\/v2\/pages\/1078\/revisions"}],"predecessor-version":[{"id":9431,"href":"https:\/\/todo-derecho.com\/index.php?rest_route=\/wp\/v2\/pages\/1078\/revisions\/9431"}],"wp:attachment":[{"href":"https:\/\/todo-derecho.com\/index.php?rest_route=%2Fwp%2Fv2%2Fmedia&parent=1078"}],"curies":[{"name":"wp","href":"https:\/\/api.w.org\/{rel}","templated":true}]}}