{"id":1242,"date":"2023-06-17T08:32:52","date_gmt":"2023-06-17T08:32:52","guid":{"rendered":"https:\/\/todo-derecho.com\/?page_id=1242"},"modified":"2025-05-11T19:58:27","modified_gmt":"2025-05-11T19:58:27","slug":"construccion-historiografica-del-arte","status":"publish","type":"page","link":"https:\/\/todo-derecho.com\/?page_id=1242","title":{"rendered":"Construcci\u00f3n Historiogr\u00e1fica del Arte."},"content":{"rendered":"\n<p>Nuestro despacho jur\u00eddico le ofrece un servicio especializado en asesoramiento jur\u00eddico sobre Arte y patrimonio hist\u00f3rico, art\u00edstico y cultural.<\/p>\n\n\n\n<p><strong>ELISABET NATIVIDAD GUTI\u00c9RREZ ALCAL\u00c1.<\/strong><\/p>\n\n\n\n<p><strong>Abogada. Col.n\u00ba 6.346 en el Ilustre Colegio de Abogados de Granada.<\/strong><\/p>\n\n\n\n<p><strong>Direcci\u00f3n:<\/strong><\/p>\n\n\n\n<p>C\/Juan Pedernal, n\u00ba 4, BAJOS. C.P. 18.500 Guadix (Granada).<br>Residencial Paraiso de Macael.<\/p>\n\n\n\n<p><strong>Cita previa m\u00f3vil 1: 690 303 447.<\/strong><\/p>\n\n\n\n<p><strong>Cita previa m\u00f3vil 2: 656 256 803.<\/strong><\/p>\n\n\n\n<p><strong>Tel\u00e9fono despacho 1: 958 68 80 03.<\/strong><\/p>\n\n\n\n<p><strong>Tel\u00e9fono despacho 2: 958 68 09 00.<\/strong><\/p>\n\n\n\n<p><strong>Fax: 958 68 80 03.<\/strong><\/p>\n\n\n\n<p><strong>E-mail:&nbsp;<\/strong><\/p>\n\n\n\n<p><strong><a href=\"mailto:elisabeth.gutierrez.alcala@gmail.com\">elisabeth.gutierrez.alcala@gmail.com<\/a><\/strong><\/p>\n\n\n\n<p><strong>E-mail:\u00a0<a href=\"mailto:despacho@todo-derecho.com\">despacho@todo-derecho.com<\/a><\/strong><\/p>\n\n\n\n<p>Para entender bien el arte debemos tener siempre en cuenta la \u00abHistoriografia del Arte\u00bb , ya que se trata de un conjunto de t\u00e9cnicas y teor\u00edas relacionadas con el estudio, el an\u00e1lisis y la manera de interpretar la historia del arte.<\/p>\n\n\n\n<p>En este apartado trataremos de analizar la Historiograf\u00eda del Arte desde diferentes puntos de vista. Empezamos.<\/p>\n\n\n\n<p>Por ejemplo la relaci\u00f3n entre semi\u00f3tica e iconograf\u00eda. Partiendo de la base de que la ciencia de la semi\u00f3tica en la historiograf\u00eda del arte es la especialidad que estudia el significado de los signos y su retransmisi\u00f3n, sonido, etc&#8230; Para que se produzca debemos centrarnos primero en visualizar una (imagen- icono- iconograf\u00eda). Ejemplo:<\/p>\n\n\n\n<p>ROSA: Ser\u00eda lo que quiere retransmitir el emisor (comunicaci\u00f3n).<\/p>\n\n\n\n<p>RO-SA: Ser\u00eda lo que llega a recibir el receptor.<\/p>\n\n\n\n<p>Para entender lo que nos quiere decir la imagen debemos traspasarlo a sonidos (con sus respectivas letras, as\u00ed se traducen los sonidos, que conforman la palabra o concepto al realizar el sumatorio y uni\u00f3n de todas ellas).<\/p>\n\n\n\n<p>Esta teor\u00eda anteriormente explicada pertenece a Ferdinand de  Saussure.<\/p>\n\n\n\n<p>Por lo tanto, la iconograf\u00eda estudia los iconos, que no es lo mismo que iconolog\u00eda, desde dos puntos de vista:<\/p>\n\n\n\n<ol class=\"wp-block-list\">\n<li>Un elemento pre-iconogr\u00e1fico. \u00bfQu\u00e9 es lo que veo?.<\/li>\n\n\n\n<li>Un elemento iconogr\u00e1fico. \u00bfC\u00f3mo lo estoy viendo? \u00bfCu\u00e1l es su sentido? Pero en este punto en realidad todav\u00eda no se ha llegado a su interpretaci\u00f3n profunda y estudio de su significado cient\u00edfico que ser\u00eda la iconolog\u00eda.<\/li>\n<\/ol>\n\n\n\n<p>Sin la semi\u00f3tica no se podr\u00eda traducir la iconograf\u00eda.<\/p>\n\n\n\n<p><strong>El supermercado metodol\u00f3gico.<\/strong><\/p>\n\n\n\n<p>En el estudio de la historia del Arte es importante el m\u00e9todo a elegir y puede ser dif\u00edcil la elecci\u00f3n del m\u00e9todo a seguir porque nos encontramos con una gran variedad de m\u00e9todos. Nos encontramos en un supermercado metodol\u00f3gico.<\/p>\n\n\n\n<figure class=\"wp-block-image aligncenter size-large\"><img loading=\"lazy\" decoding=\"async\" width=\"766\" height=\"1024\" src=\"https:\/\/todo-derecho.com\/wp-content\/uploads\/2024\/02\/IMG_20230423_160929_8CS-766x1024.jpg\" alt=\"\" class=\"wp-image-4094\" srcset=\"https:\/\/todo-derecho.com\/wp-content\/uploads\/2024\/02\/IMG_20230423_160929_8CS-766x1024.jpg 766w, https:\/\/todo-derecho.com\/wp-content\/uploads\/2024\/02\/IMG_20230423_160929_8CS-225x300.jpg 225w, https:\/\/todo-derecho.com\/wp-content\/uploads\/2024\/02\/IMG_20230423_160929_8CS-768x1026.jpg 768w, https:\/\/todo-derecho.com\/wp-content\/uploads\/2024\/02\/IMG_20230423_160929_8CS-1150x1536.jpg 1150w, https:\/\/todo-derecho.com\/wp-content\/uploads\/2024\/02\/IMG_20230423_160929_8CS-1533x2048.jpg 1533w, https:\/\/todo-derecho.com\/wp-content\/uploads\/2024\/02\/IMG_20230423_160929_8CS-scaled.jpg 1916w\" sizes=\"auto, (max-width: 766px) 100vw, 766px\" \/><figcaption class=\"wp-element-caption\">El supermercado metodol\u00f3gico. Fotograf\u00eda gentileza de Elisabet Natividad Guti\u00e9rrez Alcal\u00e1. Abogada ejerciente. Col. 6346 Ilustre Colegio de Abogados de Granada.<\/figcaption><\/figure>\n\n\n\n<p>*************<\/p>\n\n\n\n<figure class=\"wp-block-embed is-type-wp-embed is-provider-incrustado wp-block-embed-incrustado\"><div class=\"wp-block-embed__wrapper\">\n<blockquote class=\"wp-embedded-content\" data-secret=\"9nhGpfjw6R\"><a href=\"https:\/\/todo-derecho.com\/?page_id=61\">ACCESO Y CONSULTA ONLINE<\/a><\/blockquote><iframe loading=\"lazy\" class=\"wp-embedded-content\" sandbox=\"allow-scripts\" security=\"restricted\" style=\"position: absolute; visibility: hidden;\" title=\"\u00abACCESO Y CONSULTA ONLINE\u00bb \u2014 \" src=\"https:\/\/todo-derecho.com\/?page_id=61&#038;embed=true#?secret=OlNAweahaw#?secret=9nhGpfjw6R\" data-secret=\"9nhGpfjw6R\" width=\"500\" height=\"282\" frameborder=\"0\" marginwidth=\"0\" marginheight=\"0\" scrolling=\"no\"><\/iframe>\n<\/div><\/figure>\n\n\n\n<p><\/p>\n\n\n\n<p>******************<\/p>\n\n\n\n<p>Muchas gracias por toda su atenci\u00f3n.<\/p>\n\n\n\n<div class=\"wp-block-media-text is-stacked-on-mobile\"><figure class=\"wp-block-media-text__media\"><img loading=\"lazy\" decoding=\"async\" width=\"1001\" height=\"736\" src=\"https:\/\/todo-derecho.com\/wp-content\/uploads\/2025\/05\/image-4-56.jpg\" alt=\"\" class=\"wp-image-9474 size-full\"\/><\/figure><div class=\"wp-block-media-text__content\">\n<p>Investigaci\u00f3n.<\/p>\n\n\n\n<p>Rigor.<\/p>\n\n\n\n<p>Muchas gracias por confiar en nosotros.<\/p>\n<\/div><\/div>\n\n\n\n<p><\/p>\n\n\n\n<p>****************<\/p>\n\n\n\n<p>Web desarrollada por Informatic@ Mipc:<\/p>\n\n\n\n<p><a href=\"https:\/\/informaticamipc.com\/es\">https:\/\/informaticamipc.com\/es<\/a><\/p>\n","protected":false},"excerpt":{"rendered":"<p>Nuestro despacho jur\u00eddico le ofrece un servicio especializado en asesoramiento jur\u00eddico sobre Arte y patrimonio hist\u00f3rico, art\u00edstico y cultural. ELISABET NATIVIDAD GUTI\u00c9RREZ ALCAL\u00c1. Abogada. Col.n\u00ba 6.346 en el Ilustre Colegio de Abogados de Granada. Direcci\u00f3n: C\/Juan Pedernal, n\u00ba 4, BAJOS. C.P. 18.500 Guadix (Granada).Residencial Paraiso de Macael. Cita previa m\u00f3vil 1: 690 303 447. Cita &hellip;<\/p>\n<p class=\"read-more\"> <a class=\"\" href=\"https:\/\/todo-derecho.com\/?page_id=1242\"> <span class=\"screen-reader-text\">Construcci\u00f3n Historiogr\u00e1fica del Arte.<\/span> Leer m\u00e1s &raquo;<\/a><\/p>\n","protected":false},"author":1,"featured_media":0,"parent":0,"menu_order":0,"comment_status":"closed","ping_status":"closed","template":"","meta":{"site-sidebar-layout":"default","site-content-layout":"default","ast-global-header-display":"","ast-banner-title-visibility":"","ast-main-header-display":"","ast-hfb-above-header-display":"","ast-hfb-below-header-display":"","ast-hfb-mobile-header-display":"","site-post-title":"","ast-breadcrumbs-content":"","ast-featured-img":"","footer-sml-layout":"","theme-transparent-header-meta":"","adv-header-id-meta":"","stick-header-meta":"","header-above-stick-meta":"","header-main-stick-meta":"","header-below-stick-meta":"","footnotes":""},"class_list":["post-1242","page","type-page","status-publish","hentry"],"_links":{"self":[{"href":"https:\/\/todo-derecho.com\/index.php?rest_route=\/wp\/v2\/pages\/1242","targetHints":{"allow":["GET"]}}],"collection":[{"href":"https:\/\/todo-derecho.com\/index.php?rest_route=\/wp\/v2\/pages"}],"about":[{"href":"https:\/\/todo-derecho.com\/index.php?rest_route=\/wp\/v2\/types\/page"}],"author":[{"embeddable":true,"href":"https:\/\/todo-derecho.com\/index.php?rest_route=\/wp\/v2\/users\/1"}],"replies":[{"embeddable":true,"href":"https:\/\/todo-derecho.com\/index.php?rest_route=%2Fwp%2Fv2%2Fcomments&post=1242"}],"version-history":[{"count":19,"href":"https:\/\/todo-derecho.com\/index.php?rest_route=\/wp\/v2\/pages\/1242\/revisions"}],"predecessor-version":[{"id":9479,"href":"https:\/\/todo-derecho.com\/index.php?rest_route=\/wp\/v2\/pages\/1242\/revisions\/9479"}],"wp:attachment":[{"href":"https:\/\/todo-derecho.com\/index.php?rest_route=%2Fwp%2Fv2%2Fmedia&parent=1242"}],"curies":[{"name":"wp","href":"https:\/\/api.w.org\/{rel}","templated":true}]}}