{"id":2851,"date":"2023-10-21T08:40:11","date_gmt":"2023-10-21T08:40:11","guid":{"rendered":"https:\/\/todo-derecho.com\/?page_id=2851"},"modified":"2024-03-23T09:46:03","modified_gmt":"2024-03-23T09:46:03","slug":"linea-del-tiempo","status":"publish","type":"page","link":"https:\/\/todo-derecho.com\/?page_id=2851","title":{"rendered":"L\u00cdNEA DEL TIEMPO"},"content":{"rendered":"\n<p><strong>ELISABET NATIVIDAD GUTI\u00c9RREZ ALCAL\u00c1.<\/strong><\/p>\n\n\n\n<p><strong>Abogada. Col.n\u00ba 6.346 en el Ilustre Colegio de Abogados de Granada.<\/strong><\/p>\n\n\n\n<p><strong>Direcci\u00f3n:<\/strong><\/p>\n\n\n\n<p>C\/Juan Pedernal, n\u00ba 4, BAJOS. C.P. 18.500 Guadix (Granada).<br>Residencial Para\u00edso de Macael.<\/p>\n\n\n\n<p><strong>Cita previa m\u00f3vil 1: 690 303 447.<\/strong><\/p>\n\n\n\n<p><strong>Cita previa m\u00f3vil 2: 656 256 803.<\/strong><\/p>\n\n\n\n<p><strong>Tel\u00e9fono despacho 1: 958 68 80 03.<\/strong><\/p>\n\n\n\n<p><strong>Tel\u00e9fono despacho 2: 958 68 09 00.<\/strong><\/p>\n\n\n\n<p><strong>Fax: 958 68 80 03.<\/strong><\/p>\n\n\n\n<p><strong>E-mail:&nbsp;<\/strong><\/p>\n\n\n\n<p><strong><a href=\"mailto:elisabeth.gutierrez.alcala@gmail.com\">elisabeth.gutierrez.alcala@gmail.com<\/a><\/strong><\/p>\n\n\n\n<p><strong>E-mail:&nbsp;<a href=\"mailto:6346@icagr.es\">6346@icagr.es<\/a><\/strong><\/p>\n\n\n\n<p>Nuestro despacho jur\u00eddico le ofrece un servicio especializado en asesoramiento jur\u00eddico sobre Arte y patrimonio art\u00edstico, hist\u00f3rico y cultural.<\/p>\n\n\n\n<p>Despacho Jur\u00eddico Todo Derecho le ofrece a continuaci\u00f3n una l\u00ednea del tiempo hist\u00f3rica, con distintos hitos pol\u00edticos, culturales, religiosos, sociales, naturales,  ilustres personajes, etc&#8230;<\/p>\n\n\n\n<p><\/p>\n\n\n\n<figure class=\"wp-block-table\"><table><tbody><tr><td>Atropello mortal en Sevilla (6 fallecidos) <strong>(19\/03\/2024)<\/strong><\/td><td><\/td><\/tr><tr><td>Reglamento (UE) 2023\/2411 del Parlamento Europeo y del Consejo, de 18 de octubre de 2023, relativo a la protecci\u00f3n de las indicaciones geogr\u00e1ficas de productos artesanales e industriales y por el que se modifican los Reglamentos (UE) 2017\/1001 y (UE) 2019\/1753. <strong>(27\/10\/2023)<\/strong><\/td><td><\/td><\/tr><tr><td>Correcci\u00f3n de errores del Reglamento de Ejecuci\u00f3n (UE) 2023\/516 de la Comisi\u00f3n, de 8 de marzo de 2023, por el que se modifica el Reglamento de Ejecuci\u00f3n (UE) 2020\/2236 en lo que concierne al modelo de certificado zoosanitario para la entrada en la Uni\u00f3n de animales acu\u00e1ticos destinados a determinados establecimientos de acuicultura, a ser liberados en el medio natural o a otros fines, excluido el consumo humano. <strong>(26\/10\/2023)<\/strong><\/td><td><\/td><\/tr><tr><td>Reglamento de Ejecuci\u00f3n (UE) 2021\/404 en lo que concierne a las entradas correspondientes a Canad\u00e1, al Reino Unido y a los Estados Unidos en las listas de terceros pa\u00edses desde los que<strong> se autoriza la entrada en la Uni\u00f3n de partidas de aves de corral, productos reproductivos de aves de corral, carne fresca de aves de corral y aves de caza.<\/strong> <strong>(26\/10\/2023)<\/strong> DOUE(L) n\u00ba 2437.<\/td><td><\/td><\/tr><tr><td>Fuerte temporal en Sevilla, C\u00e1diz y Huelva con m\u00e1s de 800 incidencias <strong>(22 de octubre de 2023)<\/strong><\/td><td><\/td><\/tr><tr><td>Cumbre en Egipto para abordar la crisis de Gaza <strong>(21 de octubre de 2023)<\/strong><\/td><td><\/td><\/tr><tr><td>Detienen a 4 yihadistas en Espa\u00f1a <strong>(20 de octubre de 2023)<\/strong>.<\/td><td><\/td><\/tr><tr><td>Primeras nieves en Granada <strong>(19 de octubre de 2023)<\/strong>.<\/td><td><\/td><\/tr><tr><td>Orden por la que se establece un plan de gesti\u00f3n para la pesca con artes de cerco en el subcaladero Mediterr\u00e1neo. <strong>(16 de octubre de 2023)<\/strong><\/td><td><\/td><\/tr><tr><td>Ataque sorpresa Palestina contra Israel <strong>(7 de octubre de 2023)<\/strong>.<\/td><td><\/td><\/tr><tr><td>Cumbre de la Comunidad Pol\u00edtica Europea y Reuni\u00f3n del Consejo Europeo <strong>(5 de octubre 2023)<\/strong><\/td><td><\/td><\/tr><tr><td>Orden. Por la que se autoriza la gesti\u00f3n conjunta de las posibilidades de pesca de los buques atuneros cerqueros congeladores autorizados a la pesca de t\u00fanidos tropicales en el Oc\u00e9ano \u00cdndico en la campa\u00f1a 2023 <strong>(14 de septiembre de 2023)<\/strong><\/td><td><\/td><\/tr><tr><td>Carlos III del Reino Unido coronaci\u00f3n <strong>(6 de mayo de 2023)<\/strong><\/td><td><\/td><\/tr><tr><td>Ley de Bienestar Animal&nbsp;<strong>(28 de marzo de 2023)<\/strong><\/td><td><\/td><\/tr><tr><td>Fallece Isabel II de Reino Unido <strong>(8 de septiembre de 2022)<\/strong>.<\/td><td><\/td><\/tr><tr><td><\/td><td><\/td><\/tr><tr><td>Creaci\u00f3n de la Ley Si es Si <strong>(25 de agosto 2022)<\/strong>.<\/td><td><\/td><\/tr><tr><td>Invasi\u00f3n de Ucrania <strong>(24 de febrero de 2022)<\/strong>.<\/td><td><\/td><\/tr><tr><td>Vacunaci\u00f3n masiva contra el COVID-19 <strong>(6 de julio 2021)<\/strong>.<\/td><td><\/td><\/tr><tr><td>Se declara el Estado de Alarma en Espa\u00f1a <strong>(14 de Marzo de 2020) RD<\/strong> covid-19.<\/td><td><\/td><\/tr><tr><td>Medidas anticovid. . Boja Extraordinario Junta de Andaluc\u00eda. <strong>(13 de Marzo de 2023)<\/strong>.<\/td><td><\/td><\/tr><tr><td>Pedro S\u00e1nchez, presidente de Espa\u00f1a <strong>(2 de junio de 2018)<\/strong>.<\/td><td><\/td><\/tr><tr><td>Reinado de Felipe VI<strong> (19 de junio de 2014)<\/strong><\/td><td><\/td><\/tr><tr><td>Mariano Rajoy Brey, Presidente de Espa\u00f1a <strong>(21 de diciembre de 2011)<\/strong><\/td><td><\/td><\/tr><tr><td>Jura de Elisabet Natividad Guti\u00e9rrez Alcal\u00e1 <strong>(14 de Octubre de 2011).<\/strong><\/td><td><\/td><\/tr><tr><td>Creaci\u00f3n de Informatic@ Mipc, Granada, <strong>(1 de agosto de 2007)<\/strong>.<\/td><td><\/td><\/tr><tr><td>Jose Lu\u00eds Rodriguez Zapatero, presidente de Espa\u00f1a <strong>(17 de abril de 2004)<\/strong>.<\/td><td><\/td><\/tr><tr><td>Atentado terrorista en Madrid <strong>(11 Marzo de 2004).<\/strong><\/td><td><\/td><\/tr><tr><td>Comienza a circular el Euro <strong>(1 de enero de 2002)<\/strong>.<\/td><td><\/td><\/tr><tr><td>Fundaci\u00f3n de Google <strong>(4 de septiembre de 1998)<\/strong>.<\/td><td><\/td><\/tr><tr><td>Asesinato de Miguel Angel Blanco por ETA el <strong>(13 de julio de 1997)<\/strong>.<\/td><td><\/td><\/tr><tr><td>Jose Mar\u00eda Aznar Presidente de Espa\u00f1a <strong>(5 de mayo de 1996)<\/strong>.<\/td><td><\/td><\/tr><tr><td>Cierre por quiebra de Purlom en Abrera (Barcelona). <strong>(1994)<\/strong>. Los \u00faltimos 166 trabajadores quedaron sin trabajo.<\/td><td><\/td><\/tr><tr><td>Dimite <strong>(Mija\u00edl Gorbachov 25 de diciembre de 1991)<\/strong>.<\/td><td><\/td><\/tr><tr><td>Guerra de Yugoslavia <strong>(17 de agosto de 1990)<\/strong>.<\/td><td><\/td><\/tr><tr><td>Guerra del Golfo P\u00e9rsico. <strong>(2 agosto de 1990)<\/strong>.<\/td><td><\/td><\/tr><tr><td>Ca\u00edda de Ceaucescu <strong>(25 de diciembre de 1989)<\/strong>.<\/td><td><\/td><\/tr><tr><td>Tim Berners Lee inventa la World Wide Web en <strong>1989<\/strong>.<\/td><td><\/td><\/tr><tr><td>Ca\u00edda del Muro de Berl\u00edn. <strong>(9 de noviembre de 1989<\/strong>).<\/td><td><\/td><\/tr><tr><td>Felipe Gonzalez, presidente de Espa\u00f1a <strong>(2 de diciembre de 1982)<\/strong><\/td><td><\/td><\/tr><tr><td>Leopoldo Calvo-Sotelo presidente de Espa\u00f1a (<strong>26 de febrero de 1981<\/strong>)<\/td><td><\/td><\/tr><tr><td>Publicaci\u00f3n del Estatuto de los Trabajadores <strong>(10 de marzo de 1980)<\/strong>.<\/td><td><\/td><\/tr><tr><td>Ratificaci\u00f3n de la Constituci\u00f3n Espa\u00f1ola <strong>(6 de diciembre de 1978)<\/strong>.<\/td><td><\/td><\/tr><tr><td><\/td><td><\/td><\/tr><tr><td>Creaci\u00f3n de la Constituci\u00f3n Espa\u00f1ola <strong>(31 de octubre de 1978).<\/strong><\/td><td><\/td><\/tr><tr><td><strong>Nace Elisabet Natividad Guti\u00e9rrez Alcal\u00e1<\/strong> <strong>(25\/09\/1977)<\/strong>.<\/td><td><\/td><\/tr><tr><td>Adolfo Suarez presidente de Espa\u00f1a <strong>(5 de julio de 1976)<\/strong>.<\/td><td><\/td><\/tr><tr><td>Finaliza la guerra de Vietnam (<strong>2 de julio de 1976<\/strong>)<\/td><td><\/td><\/tr><tr><td>Inicio del reinado de Juan Carlos I&nbsp;<strong>(22 de noviembre de 1975)<\/strong>.<\/td><td><\/td><\/tr><tr><td>Muere Francisco Franco <strong>(20 de noviembre de 1975<\/strong>)<\/td><td><\/td><\/tr><tr><td>Gran crisis del petr\u00f3leo <strong>(16 de octubre de 1973)<\/strong>.<\/td><td><\/td><\/tr><tr><td>El hombre llega a la Luna <strong>(16 de julio de 1969)<\/strong>.<\/td><td><\/td><\/tr><tr><td>Creaci\u00f3n de la Mutualidad de la Abogac\u00eda Espa\u00f1ola <strong>(1948)<\/strong><\/td><td><\/td><\/tr><tr><td>Finaliza la II Guerra Mundial <strong>(2 sept 1945)<\/strong><\/td><td><\/td><\/tr><tr><td>II Guerra Mundial <strong>(1 sept 1939)<\/strong><\/td><td>G<\/td><\/tr><tr><td>Guerra Civil Espa\u00f1ola <strong>(17 jul 1936)<\/strong>.<\/td><td><\/td><\/tr><tr><td>Crack del 29. <strong>(24 de octubre de 1929).<\/strong><\/td><td><\/td><\/tr><tr><td>I Guerra Mundial <strong>(28 jul 1914)<\/strong><\/td><td><\/td><\/tr><tr><td><\/td><td><\/td><\/tr><tr><td>Publicaci\u00f3n C\u00f3digo Civil Espa\u00f1ol <strong>(27 de julio de 1889).<\/strong><\/td><td><\/td><\/tr><tr><td>Promulgaci\u00f3n primer C\u00f3digo Penal Espa\u00f1ol <strong>(1822).<\/strong><\/td><td><\/td><\/tr><tr><td>Concilio del Vaticano I <strong>(8 de diciembre de 1869)<\/strong>.<\/td><td><\/td><\/tr><tr><td>Nacimiento de los Estados Unidos <strong>(4 de julio de 1776)<\/strong>.<\/td><td><\/td><\/tr><tr><td>Nace Napole\u00f3n Bonaparte. C\u00f3rcega<strong> (15 de agosto de 1769).<\/strong><\/td><td><\/td><\/tr><tr><td>Nace Jorge IV de Reino Unido <strong>(12 de agosto de 1762)<\/strong>. Casado con una mujer cat\u00f3lica.<\/td><td><\/td><\/tr><tr><td>Nace Jorge III de Reino Unido, El Rey que perdi\u00f3 las colonias americanas <strong>(4 de junio de 1738)<\/strong>.<\/td><td><\/td><\/tr><tr><td><\/td><td><\/td><\/tr><tr><td>Nacimiento del Rococ\u00f3 <strong>(a partir de 1730, Francia)<\/strong>.<\/td><td><\/td><\/tr><tr><td>Nace el Ilustre Colegio de Abogados de Granada&nbsp;(<strong>19 de septiembre de 1726<\/strong>).<\/td><td><\/td><\/tr><tr><td>Luis I Espa\u00f1a (<strong>25 de agosto de 1707)<\/strong>.<\/td><td><\/td><\/tr><tr><td>Nace Baltasar Graci\u00e1n y Morales <strong>(8 de enero de 1601).<\/strong> <strong> Belmonte de Graci\u00e1n&nbsp;<\/strong>&#8211; Zaragoza.<\/td><td><\/td><\/tr><tr><td>Nace Pedro Calder\u00f3n de la Barca- Madrid <strong>(17 de enero de 1600)<\/strong>.<\/td><td><\/td><\/tr><tr><td>Nace  Francisco G\u00f3mez de Quevedo Villegas y Santib\u00e1\u00f1ez Cevallos <strong>(14 de septiembre de 1580- Madrid)<\/strong>.<\/td><td><\/td><\/tr><tr><td>Publicaci\u00f3n \u00abLa vida del Lazarillo de Tormes\u00bb <strong>(1554).<\/strong><\/td><td><\/td><\/tr><tr><td>Nace Miguel de Cervantes Saavedra, Alcal\u00e1 de Henares, <strong>(29 de septiembre de 1547)<\/strong>.<\/td><td><\/td><\/tr><tr><td>Nace San Juan de la Cruz, Fontiveros <strong>(24 de junio de 1542).<\/strong><\/td><td><\/td><\/tr><tr><td>Nace Garcilaso de la Vega. <strong>(14 de octubre de 1536).<\/strong><\/td><td><\/td><\/tr><tr><td><\/td><td><\/td><\/tr><tr><td>Nace Isabel I de Inglaterra <strong>(7 de septiembre de 1533)<\/strong>.<\/td><td><\/td><\/tr><tr><td>Nace Felipe II Valladolid <strong>(21 de mayo de 1527).<\/strong><\/td><td><\/td><\/tr><tr><td>Nace Tintoretto (<strong>29 de Septiembre 1518<\/strong>).<\/td><td><\/td><\/tr><tr><td>Nace Santa Teresa de Jes\u00fas, \u00c1vila <strong>(28 de marzo de 1515)<\/strong>.<\/td><td><\/td><\/tr><tr><td>Nace Giorgio Vasari <strong>(30 de julio de 1511)<\/strong>.<\/td><td><\/td><\/tr><tr><td>Nace Carlos V Emperador del Sacro Imperio Romano Germ\u00e1nico <strong>(24 de febrero de 1500- Gante- B\u00e9lgica)<\/strong>.<\/td><td><\/td><\/tr><tr><td>Descubrimiento de Am\u00e9rica. <strong>(12\/10\/1492).<\/strong><\/td><td><\/td><\/tr><tr><td>Nacimiento del Humanismo en Italia <strong>(aprox. S.XV- XVI)<\/strong>.<\/td><td><\/td><\/tr><tr><td>El Siglo de Oro espa\u00f1ol <strong>(1492-1659)<\/strong>.<\/td><td><\/td><\/tr><tr><td>Nace Enrique VIII de Inglaterra<strong> (28 de junio de 1491<\/strong>)<\/td><td><\/td><\/tr><tr><td>Nace Le\u00f3n Hebreo Lisboa- Portugal <strong>(14 de diciembre de 1464)<\/strong> fil\u00f3sofo y poeta jud\u00edo-portugu\u00e9s.<\/td><td><\/td><\/tr><tr><td>Nace Fernando \u00abEl Cat\u00f3lico\u00bb <strong>(10 de marzo de 1452)<\/strong>.<\/td><td><\/td><\/tr><tr><td>Nace Leonardo Da Vinci <strong>(15 de abril de 1452)<\/strong><\/td><td><\/td><\/tr><tr><td>Nace Col\u00f3n (<strong>31 de octubre de 1451 ?)<\/strong>.<\/td><td><\/td><\/tr><tr><td>Nace Isabel La Cat\u00f3lica <strong>(22 de abril de 1451)<\/strong>.<\/td><td><\/td><\/tr><tr><td><\/td><td><\/td><\/tr><tr><td>Nace Giovanni Boccaccio <strong>(16 de junio de 1313)<\/strong>.<\/td><td><\/td><\/tr><tr><td>Nace Petrarca <strong>(20 de julio de 1304)<\/strong>.<\/td><td><\/td><\/tr><tr><td>Nace Dante Alighieri Florencia, <strong>(c. 29 de mayo de 1265).<\/strong><\/td><td><\/td><\/tr><tr><td>Anagni, ciudad de los Papas. <strong>(1304).<\/strong><\/td><td><\/td><\/tr><tr><td>Nace Santo Tom\u00e1s de Aquino <strong>(aproximadamente A\u00f1o 1225)<\/strong>.<\/td><td><\/td><\/tr><tr><td><\/td><td><\/td><\/tr><tr><td>Nace Alcuino de York. <strong>(735)<\/strong>.<\/td><td><\/td><\/tr><tr><td>Primer emplazamiento militar en la zona de la Alhambra <strong>(666)<\/strong>.<\/td><td><\/td><\/tr><tr><td>Nace Recaredo I REY VISIGODO <strong>(559 d. C)<\/strong><\/td><td><\/td><\/tr><tr><td>Nace San Agust\u00edn de Hipona, Tagaste <strong>(13 de noviembre de 354 d. C)<\/strong>.<\/td><td><\/td><\/tr><tr><td>Evaristo. Quinto Papa. <strong>A\u00f1o 100.<\/strong> ?<\/td><td><\/td><\/tr><tr><td>Clemente de Roma. Cuarto Papa. <strong>A\u00f1o 92?<\/strong><\/td><td><\/td><\/tr><tr><td>Anacleto. Tercer Papa. <strong>A\u00f1o 88?<\/strong><\/td><td><\/td><\/tr><tr><td>Lino de Volterra Segundo Papa. <strong>A\u00f1o 68 ?<\/strong><\/td><td><\/td><\/tr><tr><td>San Pedro el Primer Papa. <strong>A\u00f1o 37.<\/strong><\/td><td><\/td><\/tr><tr><td>Nace Ner\u00f3n <strong>(15 de diciembre de 37 d. C)<\/strong><\/td><td><\/td><\/tr><tr><td>Nace Cal\u00edgula <strong>Cayo Julio C\u00e9sar Augusto Germ\u00e1nico<\/strong> <strong>(31 de agosto de 12)<\/strong>.<\/td><td><\/td><\/tr><tr><td>Jesucristo <strong>(a\u00f1o 0)<\/strong>. <strong>25 de diciembre.<\/strong><\/td><td><\/td><\/tr><tr><td>Nacimiento de Cleopatra <strong>(enero de 69 a. C)<\/strong><\/td><td><\/td><\/tr><tr><td>Nace Escipi\u00f3n el Africano <strong>(236 a. C- Roma-Italia).<\/strong><\/td><td><\/td><\/tr><tr><td>Fallece Alejandro Magno <strong>&nbsp;(junio de 323 a. C)<\/strong><\/td><td><\/td><\/tr><tr><td><\/td><td><\/td><\/tr><tr><td><\/td><td><\/td><\/tr><tr><td>Nacimiento de Alejandro Magno. <strong>(julio de 356 a. C)<\/strong>.<\/td><td><\/td><\/tr><tr><td>Nace Arist\u00f3teles Estagira- Grecia <strong>(384 a. C)<\/strong>.<\/td><td><\/td><\/tr><tr><td>Nace Plat\u00f3n <strong>(aproximadamente 427 a. C).<\/strong><\/td><td>)<\/td><\/tr><tr><td>Nace Herodoto <strong>(484-425&nbsp;a.&nbsp;C.)<\/strong><\/td><td><\/td><\/tr><tr><td>Creaci\u00f3n de la Rep\u00fablica Romana. <strong>(509 a.C.)<\/strong><\/td><td><\/td><\/tr><tr><td>Creaci\u00f3n de Roma <strong>(21 de abril de 753 a. C.)<\/strong>.<\/td><td><\/td><\/tr><tr><td>Creaci\u00f3n de la Biblia (<strong>entre el 900 a. C. y el 100 d. C.<\/strong>).<\/td><td><\/td><\/tr><tr><td>Fundaci\u00f3n de Guadix (Granada) en torno al a\u00f1o&nbsp;<strong>(1000 a. C.)?<\/strong><\/td><td><\/td><\/tr><tr><td>Nace Akenaton <strong>1372 a. C.<\/strong> Egipto.<\/td><td><\/td><\/tr><tr><td>Culto al dios Zeus (<strong>entre el 1.390 y el 1.291 antes de Cristo aprox Monte Lykaion<\/strong>).<\/td><td><\/td><\/tr><tr><td>Surgimiento de la civilizaci\u00f3n griega <strong>(surgi\u00f3 hacia el siglo XII a.de C aprox)<\/strong>.<\/td><td><\/td><\/tr><tr><td><strong>Hatshepsut<\/strong> Reinado <strong> (1473-1458 a.C Egipto)<\/strong> segunda mujer reinante conocida.<\/td><td><\/td><\/tr><tr><td>Nacimiento la antigua Persia <strong>(1500 a.C aprox)<\/strong>.<\/td><td><\/td><\/tr><tr><td><\/td><td><\/td><\/tr><tr><td>Fundaci\u00f3n de Babilonia <strong>(aproximadamente 2300 a. C.)<\/strong>.<\/td><td><\/td><\/tr><tr><td>Fundaci\u00f3n del Antiguo Egipto <strong>(alrededor del 3150 a.&nbsp;C)<\/strong>.<\/td><td><\/td><\/tr><tr><td>Nacimiento de la Antigua India- rio Indo (<strong>entre el 3300 y el 1300 a.C<\/strong> <strong>aprox)<\/strong>.<\/td><td><\/td><\/tr><tr><td>Nacimiento de la civilizaci\u00f3n china Hongshan <strong>(aprox. 4700 &#8211; 2900 a.&nbsp;C.)<\/strong><\/td><td><\/td><\/tr><tr><td>Aparici\u00f3n Homo sapiens-sapiens <strong>(a\u00f1o 120.000?)<\/strong><\/td><td><\/td><\/tr><tr><td>Aparici\u00f3n del Neandertal en Europa (<strong>aprox<\/strong>. <strong>400.000 a\u00f1os<\/strong>).<\/td><td><\/td><\/tr><tr><td>Aparici\u00f3n de los primeros animales <strong>(hace unos 560 millones de a\u00f1os aproximadamente)<\/strong>.<\/td><td><\/td><\/tr><tr><td>Creaci\u00f3n de la tierra <strong>(alrededor de 4500 millones de a\u00f1os)<\/strong>.<\/td><td><\/td><\/tr><tr><td>Creaci\u00f3n del Sol <strong>(hace 4.650 millones de a\u00f1os aproximadamente)<\/strong>.<\/td><td><\/td><\/tr><\/tbody><\/table><figcaption class=\"wp-element-caption\">La presente tabla se actualizar\u00e1 diariamente.<\/figcaption><\/figure>\n\n\n\n<p>*********************<\/p>\n\n\n\n<figure class=\"wp-block-embed is-type-wp-embed is-provider-incrustado wp-block-embed-incrustado\"><div class=\"wp-block-embed__wrapper\">\n<blockquote class=\"wp-embedded-content\" data-secret=\"QDiJ26Q2jk\"><a href=\"https:\/\/todo-derecho.com\/?page_id=61\">ACCESO Y CONSULTA ONLINE<\/a><\/blockquote><iframe loading=\"lazy\" class=\"wp-embedded-content\" sandbox=\"allow-scripts\" security=\"restricted\" style=\"position: absolute; clip: rect(1px, 1px, 1px, 1px);\" title=\"\u00abACCESO Y CONSULTA ONLINE\u00bb \u2014 \" src=\"https:\/\/todo-derecho.com\/?page_id=61&#038;embed=true#?secret=pilSytQ0T9#?secret=QDiJ26Q2jk\" data-secret=\"QDiJ26Q2jk\" width=\"500\" height=\"282\" frameborder=\"0\" marginwidth=\"0\" marginheight=\"0\" scrolling=\"no\"><\/iframe>\n<\/div><figcaption class=\"wp-element-caption\">Puede realizar su consulta jur\u00eddica online desde el enlace de arriba. Honorarios consulta 25,00 Euros.<\/figcaption><\/figure>\n\n\n\n<p>*********************<\/p>\n\n\n\n<figure class=\"wp-block-image aligncenter size-large\"><img loading=\"lazy\" decoding=\"async\" width=\"768\" height=\"1024\" src=\"https:\/\/todo-derecho.com\/wp-content\/uploads\/2024\/03\/IMG_20190510_234836-768x1024.jpg\" alt=\"\" class=\"wp-image-4593\" srcset=\"https:\/\/todo-derecho.com\/wp-content\/uploads\/2024\/03\/IMG_20190510_234836-768x1024.jpg 768w, https:\/\/todo-derecho.com\/wp-content\/uploads\/2024\/03\/IMG_20190510_234836-225x300.jpg 225w, https:\/\/todo-derecho.com\/wp-content\/uploads\/2024\/03\/IMG_20190510_234836-1152x1536.jpg 1152w, https:\/\/todo-derecho.com\/wp-content\/uploads\/2024\/03\/IMG_20190510_234836-1536x2048.jpg 1536w, https:\/\/todo-derecho.com\/wp-content\/uploads\/2024\/03\/IMG_20190510_234836-scaled.jpg 1920w\" sizes=\"auto, (max-width: 768px) 100vw, 768px\" \/><figcaption class=\"wp-element-caption\">Alejandro Magno. <br>Dibujo realizado por Elisabet Natividad Guti\u00e9rrez Alcal\u00e1. <br>Abogada ejerciente col. 6346 en el Ilustre Colegio de Abogados de Granada,<\/figcaption><\/figure>\n\n\n\n<p>********************<\/p>\n\n\n\n<p>Muchas gracias por su atenci\u00f3n.<\/p>\n\n\n\n<p>********************<\/p>\n\n\n\n<p>Web desarrollada por INFORMATIC@ MIPC: <a href=\"https:\/\/informaticamipc.com\/es\/\">https:\/\/informaticamipc.com\/es\/<\/a><\/p>\n","protected":false},"excerpt":{"rendered":"<p>ELISABET NATIVIDAD GUTI\u00c9RREZ ALCAL\u00c1. Abogada. Col.n\u00ba 6.346 en el Ilustre Colegio de Abogados de Granada. Direcci\u00f3n: C\/Juan Pedernal, n\u00ba 4, BAJOS. C.P. 18.500 Guadix (Granada).Residencial Para\u00edso de Macael. Cita previa m\u00f3vil 1: 690 303 447. Cita previa m\u00f3vil 2: 656 256 803. Tel\u00e9fono despacho 1: 958 68 80 03. Tel\u00e9fono despacho 2: 958 68 09 &hellip;<\/p>\n<p class=\"read-more\"> <a class=\"\" href=\"https:\/\/todo-derecho.com\/?page_id=2851\"> <span class=\"screen-reader-text\">L\u00cdNEA DEL TIEMPO<\/span> Leer m\u00e1s &raquo;<\/a><\/p>\n","protected":false},"author":1,"featured_media":0,"parent":0,"menu_order":0,"comment_status":"closed","ping_status":"closed","template":"","meta":{"site-sidebar-layout":"default","site-content-layout":"default","ast-global-header-display":"","ast-banner-title-visibility":"","ast-main-header-display":"","ast-hfb-above-header-display":"","ast-hfb-below-header-display":"","ast-hfb-mobile-header-display":"","site-post-title":"","ast-breadcrumbs-content":"","ast-featured-img":"","footer-sml-layout":"","theme-transparent-header-meta":"","adv-header-id-meta":"","stick-header-meta":"","header-above-stick-meta":"","header-main-stick-meta":"","header-below-stick-meta":"","footnotes":""},"class_list":["post-2851","page","type-page","status-publish","hentry"],"_links":{"self":[{"href":"https:\/\/todo-derecho.com\/index.php?rest_route=\/wp\/v2\/pages\/2851","targetHints":{"allow":["GET"]}}],"collection":[{"href":"https:\/\/todo-derecho.com\/index.php?rest_route=\/wp\/v2\/pages"}],"about":[{"href":"https:\/\/todo-derecho.com\/index.php?rest_route=\/wp\/v2\/types\/page"}],"author":[{"embeddable":true,"href":"https:\/\/todo-derecho.com\/index.php?rest_route=\/wp\/v2\/users\/1"}],"replies":[{"embeddable":true,"href":"https:\/\/todo-derecho.com\/index.php?rest_route=%2Fwp%2Fv2%2Fcomments&post=2851"}],"version-history":[{"count":181,"href":"https:\/\/todo-derecho.com\/index.php?rest_route=\/wp\/v2\/pages\/2851\/revisions"}],"predecessor-version":[{"id":4651,"href":"https:\/\/todo-derecho.com\/index.php?rest_route=\/wp\/v2\/pages\/2851\/revisions\/4651"}],"wp:attachment":[{"href":"https:\/\/todo-derecho.com\/index.php?rest_route=%2Fwp%2Fv2%2Fmedia&parent=2851"}],"curies":[{"name":"wp","href":"https:\/\/api.w.org\/{rel}","templated":true}]}}