{"id":365,"date":"2023-05-27T17:30:05","date_gmt":"2023-05-27T17:30:05","guid":{"rendered":"https:\/\/todo-derecho.com\/?page_id=365"},"modified":"2025-05-10T22:51:50","modified_gmt":"2025-05-10T22:51:50","slug":"propiedad-horizontal","status":"publish","type":"page","link":"https:\/\/todo-derecho.com\/?page_id=365","title":{"rendered":"Propiedad Horizontal"},"content":{"rendered":"\n<p><strong>ELISABET NATIVIDAD GUTI\u00c9RREZ ALCAL\u00c1.<\/strong><\/p>\n\n\n\n<p><strong>Abogada. Col.n\u00ba 6.346 en el Ilustre Colegio de Abogados de Granada.<\/strong><\/p>\n\n\n\n<p><strong>Direcci\u00f3n:<\/strong><\/p>\n\n\n\n<p>C\/Juan Pedernal, n\u00ba 4, BAJOS. C.P. 18.500 Guadix (Granada).<br>Residencial Paraiso de Macael.<\/p>\n\n\n\n<p><strong>Cita previa m\u00f3vil 1: 690 303 447.<\/strong><\/p>\n\n\n\n<p><strong>Cita previa m\u00f3vil 2: 656 256 803.<\/strong><\/p>\n\n\n\n<p><strong>Tel\u00e9fono despacho 1: 958 68 80 03.<\/strong><\/p>\n\n\n\n<p><strong>Tel\u00e9fono despacho 2: 958 68 09 00.<\/strong><\/p>\n\n\n\n<p><strong>Fax: 958 68 80 03.<\/strong><\/p>\n\n\n\n<p><strong>E-mail:&nbsp;<\/strong><\/p>\n\n\n\n<p><strong><a href=\"mailto:elisabeth.gutierrez.alcala@gmail.com\">elisabeth.gutierrez.alcala@gmail.com<\/a><\/strong><\/p>\n\n\n\n<p><strong>E-mail:\u00a0<a href=\"mailto:despacho@todo-derecho.com\">despacho@todo-derecho.com<\/a><\/strong><\/p>\n\n\n\n<p><strong>Informaci\u00f3n general.<\/strong><\/p>\n\n\n\n<p>Le ayudamos ante cualquier controversia en materia de Propiedad Horizontal.<\/p>\n\n\n\n<p>Un ejemplo:<\/p>\n\n\n\n<p><strong>\u00bfY qu\u00e9 puede hacer la Comunidad de Propietarios si un vecino no paga las cuotas?<\/strong><\/p>\n\n\n\n<p><strong>Existen varias posibilidades:<\/strong><\/p>\n\n\n\n<p>Antes de proceder a reclamar judicialmente es preferible dar tiempo al tiempo y ser razonables. Siempre se puede acordar en las Juntas de la Comunidad de Propietarios para una situaci\u00f3n econ\u00f3mica de un vecino concreto la posibilidad de pagar en diferentes plazos o m\u00e1s c\u00f3modos mientras dure su maltrecha situaci\u00f3n.<\/p>\n\n\n\n<p>En el caso de que se trate de un propietario desaprensivo o indeseable es preferible primero hablarlo personalmente, en el caso de que sea imposible contactar es muy recomendable que el propio Presidente de la Comunidad le traslade un escrito o varios con todas las cantidades adeudadas.&nbsp;<\/p>\n\n\n\n<p>Si despu\u00e9s de varios avisos escritos por parte del Presidente el co-vecino no paga es momento de enviarle un burofax &nbsp;reiterando los atrasos debidos y que se emprender\u00e1n acciones judiciales bajo acuerdo de toda la Comunidad de Propietarios.&nbsp;<\/p>\n\n\n\n<p><strong>Si el vecino no contesta y teniendo en cuenta las cantidades adeudadas a la Comunidad de Propietarios es conveniente iniciar un Proceso monitorio especial relativo a Comunidades de Propietarios.<\/strong><\/p>\n\n\n\n<figure class=\"wp-block-image aligncenter size-full\"><img loading=\"lazy\" decoding=\"async\" width=\"720\" height=\"540\" src=\"https:\/\/todo-derecho.com\/wp-content\/uploads\/2023\/06\/TODO-DERECHO-196-1.jpg\" alt=\"\" class=\"wp-image-895\" srcset=\"https:\/\/todo-derecho.com\/wp-content\/uploads\/2023\/06\/TODO-DERECHO-196-1.jpg 720w, https:\/\/todo-derecho.com\/wp-content\/uploads\/2023\/06\/TODO-DERECHO-196-1-300x225.jpg 300w\" sizes=\"auto, (max-width: 720px) 100vw, 720px\" \/><\/figure>\n\n\n\n<figure class=\"wp-block-embed is-type-wp-embed is-provider-incrustado wp-block-embed-incrustado\"><div class=\"wp-block-embed__wrapper\">\n<blockquote class=\"wp-embedded-content\" data-secret=\"5sY4GluPf4\"><a href=\"https:\/\/todo-derecho.com\/?page_id=61\">ACCESO Y CONSULTA ONLINE<\/a><\/blockquote><iframe loading=\"lazy\" class=\"wp-embedded-content\" sandbox=\"allow-scripts\" security=\"restricted\" style=\"position: absolute; visibility: hidden;\" title=\"\u00abACCESO Y CONSULTA ONLINE\u00bb \u2014 \" src=\"https:\/\/todo-derecho.com\/?page_id=61&#038;embed=true#?secret=18DunXudlA#?secret=5sY4GluPf4\" data-secret=\"5sY4GluPf4\" width=\"500\" height=\"282\" frameborder=\"0\" marginwidth=\"0\" marginheight=\"0\" scrolling=\"no\"><\/iframe>\n<\/div><\/figure>\n\n\n\n<p>Puede realizar su consulta jur\u00eddica desde este enlace. Honorarios de la consulta jur\u00eddica 25,00 euros (IVA INCLUIDO).<\/p>\n\n\n\n<p>***************<\/p>\n\n\n\n<p>Muchas gracias por su atenci\u00f3n.<\/p>\n\n\n\n<div class=\"wp-block-media-text is-stacked-on-mobile\"><figure class=\"wp-block-media-text__media\"><img loading=\"lazy\" decoding=\"async\" width=\"1001\" height=\"736\" src=\"https:\/\/todo-derecho.com\/wp-content\/uploads\/2025\/05\/image-4-19.jpg\" alt=\"\" class=\"wp-image-9090 size-full\"\/><\/figure><div class=\"wp-block-media-text__content\">\n<p><strong>Muchas gracias por confiar en nosotros.<\/strong><\/p>\n<\/div><\/div>\n\n\n\n<p>***************<\/p>\n\n\n\n<p>Web desarrollada por informatic@ Mipc:<\/p>\n\n\n\n<p><a href=\"https:\/\/informaticamipc.com\/es\/\" data-type=\"link\" data-id=\"https:\/\/informaticamipc.com\/es\/\">https:\/\/informaticamipc.com\/es\/<\/a><\/p>\n","protected":false},"excerpt":{"rendered":"<p>ELISABET NATIVIDAD GUTI\u00c9RREZ ALCAL\u00c1. Abogada. Col.n\u00ba 6.346 en el Ilustre Colegio de Abogados de Granada. Direcci\u00f3n: C\/Juan Pedernal, n\u00ba 4, BAJOS. C.P. 18.500 Guadix (Granada).Residencial Paraiso de Macael. Cita previa m\u00f3vil 1: 690 303 447. Cita previa m\u00f3vil 2: 656 256 803. Tel\u00e9fono despacho 1: 958 68 80 03. Tel\u00e9fono despacho 2: 958 68 09 &hellip;<\/p>\n<p class=\"read-more\"> <a class=\"\" href=\"https:\/\/todo-derecho.com\/?page_id=365\"> <span class=\"screen-reader-text\">Propiedad Horizontal<\/span> Leer m\u00e1s &raquo;<\/a><\/p>\n","protected":false},"author":1,"featured_media":0,"parent":0,"menu_order":0,"comment_status":"closed","ping_status":"closed","template":"","meta":{"site-sidebar-layout":"default","site-content-layout":"default","ast-global-header-display":"","ast-banner-title-visibility":"","ast-main-header-display":"","ast-hfb-above-header-display":"","ast-hfb-below-header-display":"","ast-hfb-mobile-header-display":"","site-post-title":"","ast-breadcrumbs-content":"","ast-featured-img":"","footer-sml-layout":"","theme-transparent-header-meta":"","adv-header-id-meta":"","stick-header-meta":"","header-above-stick-meta":"","header-main-stick-meta":"","header-below-stick-meta":"","footnotes":""},"class_list":["post-365","page","type-page","status-publish","hentry"],"_links":{"self":[{"href":"https:\/\/todo-derecho.com\/index.php?rest_route=\/wp\/v2\/pages\/365","targetHints":{"allow":["GET"]}}],"collection":[{"href":"https:\/\/todo-derecho.com\/index.php?rest_route=\/wp\/v2\/pages"}],"about":[{"href":"https:\/\/todo-derecho.com\/index.php?rest_route=\/wp\/v2\/types\/page"}],"author":[{"embeddable":true,"href":"https:\/\/todo-derecho.com\/index.php?rest_route=\/wp\/v2\/users\/1"}],"replies":[{"embeddable":true,"href":"https:\/\/todo-derecho.com\/index.php?rest_route=%2Fwp%2Fv2%2Fcomments&post=365"}],"version-history":[{"count":18,"href":"https:\/\/todo-derecho.com\/index.php?rest_route=\/wp\/v2\/pages\/365\/revisions"}],"predecessor-version":[{"id":9092,"href":"https:\/\/todo-derecho.com\/index.php?rest_route=\/wp\/v2\/pages\/365\/revisions\/9092"}],"wp:attachment":[{"href":"https:\/\/todo-derecho.com\/index.php?rest_route=%2Fwp%2Fv2%2Fmedia&parent=365"}],"curies":[{"name":"wp","href":"https:\/\/api.w.org\/{rel}","templated":true}]}}