{"id":368,"date":"2023-05-27T17:32:06","date_gmt":"2023-05-27T17:32:06","guid":{"rendered":"https:\/\/todo-derecho.com\/?page_id=368"},"modified":"2025-05-10T22:54:14","modified_gmt":"2025-05-10T22:54:14","slug":"seguridad-social","status":"publish","type":"page","link":"https:\/\/todo-derecho.com\/?page_id=368","title":{"rendered":"Seguridad Social."},"content":{"rendered":"\n<p><strong>ELISABET NATIVIDAD GUTI\u00c9RREZ ALCAL\u00c1.<\/strong><\/p>\n\n\n\n<p><strong>Abogada. Col.n\u00ba 6.346 en el Ilustre Colegio de Abogados de Granada.<\/strong><\/p>\n\n\n\n<p><strong>Direcci\u00f3n:<\/strong><\/p>\n\n\n\n<p>C\/Juan Pedernal, n\u00ba 4, BAJOS. C.P. 18.500 Guadix (Granada).<br>Residencial Paraiso de Macael.<\/p>\n\n\n\n<p><strong>Cita previa m\u00f3vil 1: 690 303 447.<\/strong><\/p>\n\n\n\n<p><strong>Cita previa m\u00f3vil 2: 656 256 803.<\/strong><\/p>\n\n\n\n<p><strong>Tel\u00e9fono despacho 1: 958 68 80 03.<\/strong><\/p>\n\n\n\n<p><strong>Tel\u00e9fono despacho 2: 958 68 09 00.<\/strong><\/p>\n\n\n\n<p><strong>Fax: 958 68 80 03.<\/strong><\/p>\n\n\n\n<p><strong>E-mail:&nbsp;<a href=\"mailto:elisabeth.gutierrez.alcala@gmail.com\">elisabeth.gutierrez.alcala@gmail.com<\/a><\/strong><\/p>\n\n\n\n<p><strong>E-mail:\u00a0<a href=\"mailto:despacho@todo-derecho.com\">despacho@todo-derecho.com<\/a><\/strong><\/p>\n\n\n\n<p><strong>Informaci\u00f3n general:<\/strong><\/p>\n\n\n\n<p>Le aconsejamos en variedad de temas como jubilaci\u00f3n, pensi\u00f3n de viudedad, pensi\u00f3n de orfandad, incapacidad temporal, la incapacidad parcial, la incapacidad laboral permanente -que, a su vez, puede ser total o absoluta- y la incapacidad por gran invalidez.<\/p>\n\n\n\n<p>Para estudiar su caso concreto es imprescindible que nos aporte la siguiente documentaci\u00f3n (seg\u00fan el caso), por ejemplo:<\/p>\n\n\n\n<p>Informe o fe de vida laboral.<\/p>\n\n\n\n<p>Certificado de defunci\u00f3n.<\/p>\n\n\n\n<p>Contratos de trabajo.<\/p>\n\n\n\n<p>N\u00f3minas.<\/p>\n\n\n\n<p>Informes m\u00e9dicos.<\/p>\n\n\n\n<p>Partes de lesiones.<\/p>\n\n\n\n<p>Informes de asistencia m\u00e9dica en urgencias.<\/p>\n\n\n\n<p>Bajas y altas laborales.<\/p>\n\n\n\n<ul class=\"wp-block-list\">\n<li>No est\u00e1n incluidos en los anteriores servicios los honorarios de procurador, tasas judiciales y otros gastos de profesionales independientes como peritos, psic\u00f3logos, etc\u2026<\/li>\n\n\n\n<li>Es imprescindible la entrega de una provisi\u00f3n de fondos m\u00ednima de 500,00 Euros para iniciar los tr\u00e1mites judiciales y extrajudiciales.<\/li>\n\n\n\n<li>Siempre ofrecemos facilidades de pago dependiendo de su situaci\u00f3n econ\u00f3mica familiar.<\/li>\n\n\n\n<li>Firma de Hoja de Encargo Profesional o Contrato de Arrendamiento de servicio antes de iniciar el servicio como medida de garant\u00eda para ambas partes de un trabajo bien hecho y futura relaci\u00f3n de confianza.<\/li>\n\n\n\n<li>Puede comprobar los honorarios de este tipo de servicio en el siguiente enlace:<\/li>\n<\/ul>\n\n\n\n<figure class=\"wp-block-embed is-type-wp-embed is-provider-incrustado wp-block-embed-incrustado\"><div class=\"wp-block-embed__wrapper\">\n<blockquote class=\"wp-embedded-content\" data-secret=\"twTMtvVjuU\"><a href=\"https:\/\/todo-derecho.com\/?page_id=95\">Servicios<\/a><\/blockquote><iframe loading=\"lazy\" class=\"wp-embedded-content\" sandbox=\"allow-scripts\" security=\"restricted\" style=\"position: absolute; visibility: hidden;\" title=\"\u00abServicios\u00bb \u2014 \" src=\"https:\/\/todo-derecho.com\/?page_id=95&#038;embed=true#?secret=WXtM5FhUOP#?secret=twTMtvVjuU\" data-secret=\"twTMtvVjuU\" width=\"500\" height=\"282\" frameborder=\"0\" marginwidth=\"0\" marginheight=\"0\" scrolling=\"no\"><\/iframe>\n<\/div><\/figure>\n\n\n\n<figure class=\"wp-block-image size-large\"><img loading=\"lazy\" decoding=\"async\" width=\"1024\" height=\"768\" src=\"https:\/\/todo-derecho.com\/wp-content\/uploads\/2023\/05\/TODO-DERECHO-73-1024x768.jpg\" alt=\"\" class=\"wp-image-394\" srcset=\"https:\/\/todo-derecho.com\/wp-content\/uploads\/2023\/05\/TODO-DERECHO-73-1024x768.jpg 1024w, https:\/\/todo-derecho.com\/wp-content\/uploads\/2023\/05\/TODO-DERECHO-73-300x225.jpg 300w, https:\/\/todo-derecho.com\/wp-content\/uploads\/2023\/05\/TODO-DERECHO-73-768x576.jpg 768w, https:\/\/todo-derecho.com\/wp-content\/uploads\/2023\/05\/TODO-DERECHO-73-1536x1152.jpg 1536w, https:\/\/todo-derecho.com\/wp-content\/uploads\/2023\/05\/TODO-DERECHO-73.jpg 2048w\" sizes=\"auto, (max-width: 1024px) 100vw, 1024px\" \/><\/figure>\n\n\n\n<div class=\"wp-block-cover alignfull is-light\"><img loading=\"lazy\" decoding=\"async\" width=\"720\" height=\"540\" class=\"wp-block-cover__image-background wp-image-543\" alt=\"\" src=\"https:\/\/todo-derecho.com\/wp-content\/uploads\/2023\/06\/TODO-DERECHO-188.jpg\" data-object-fit=\"cover\" srcset=\"https:\/\/todo-derecho.com\/wp-content\/uploads\/2023\/06\/TODO-DERECHO-188.jpg 720w, https:\/\/todo-derecho.com\/wp-content\/uploads\/2023\/06\/TODO-DERECHO-188-300x225.jpg 300w\" sizes=\"auto, (max-width: 720px) 100vw, 720px\" \/><span aria-hidden=\"true\" class=\"wp-block-cover__background has-background-dim\"><\/span><div class=\"wp-block-cover__inner-container is-layout-flow wp-block-cover-is-layout-flow\">\n<p class=\"has-text-align-center has-large-font-size\">ELISABET NATIVIDAD GUTI\u00c9RREZ ALCAL\u00c1 Col. 6346. ICAGR.<\/p>\n\n\n\n<p>C\/Juan Pedernal, 4 bajos. CP 18500. Guadix (Granada).<\/p>\n\n\n\n<p>M\u00f3vil: 690 303 447.<\/p>\n\n\n\n<p>Tel\u00e9fono: 958 68 80 03.<\/p>\n\n\n\n<p>elisabeth.gutierrez.alcala@gmail.com<\/p>\n<\/div><\/div>\n\n\n\n<p><\/p>\n\n\n\n<figure class=\"wp-block-embed is-type-wp-embed is-provider-incrustado wp-block-embed-incrustado\"><div class=\"wp-block-embed__wrapper\">\n<blockquote class=\"wp-embedded-content\" data-secret=\"3k78A2S8ln\"><a href=\"https:\/\/todo-derecho.com\/?page_id=61\">ACCESO Y CONSULTA ONLINE<\/a><\/blockquote><iframe loading=\"lazy\" class=\"wp-embedded-content\" sandbox=\"allow-scripts\" security=\"restricted\" style=\"position: absolute; visibility: hidden;\" title=\"\u00abACCESO Y CONSULTA ONLINE\u00bb \u2014 \" src=\"https:\/\/todo-derecho.com\/?page_id=61&#038;embed=true#?secret=m7iHOPtdjH#?secret=3k78A2S8ln\" data-secret=\"3k78A2S8ln\" width=\"500\" height=\"282\" frameborder=\"0\" marginwidth=\"0\" marginheight=\"0\" scrolling=\"no\"><\/iframe>\n<\/div><\/figure>\n\n\n\n<p>Puede realizar su consulta jur\u00eddica desde este enlace. <\/p>\n\n\n\n<p>Honorarios de la consulta 25,00 Euros (IVA INCLUIDO).<\/p>\n\n\n\n<p>***************<\/p>\n\n\n\n<p>Muchas gracias por su atenci\u00f3n.<\/p>\n\n\n\n<div class=\"wp-block-media-text is-stacked-on-mobile\"><figure class=\"wp-block-media-text__media\"><img loading=\"lazy\" decoding=\"async\" width=\"1001\" height=\"736\" src=\"https:\/\/todo-derecho.com\/wp-content\/uploads\/2025\/05\/image-4-20.jpg\" alt=\"\" class=\"wp-image-9094 size-full\"\/><\/figure><div class=\"wp-block-media-text__content\">\n<p><strong>Muchas gracias por confiar en nosotros.<\/strong><\/p>\n\n\n\n<p><strong>Vuelva pronto.<\/strong><\/p>\n<\/div><\/div>\n\n\n\n<p>***************<\/p>\n\n\n\n<p>Web desarrollada por informatic@ Mipc: <\/p>\n\n\n\n<p><a href=\"https:\/\/informaticamipc.com\/es\/\">https:\/\/informaticamipc.com\/es\/<\/a><\/p>\n","protected":false},"excerpt":{"rendered":"<p>ELISABET NATIVIDAD GUTI\u00c9RREZ ALCAL\u00c1. Abogada. Col.n\u00ba 6.346 en el Ilustre Colegio de Abogados de Granada. Direcci\u00f3n: C\/Juan Pedernal, n\u00ba 4, BAJOS. C.P. 18.500 Guadix (Granada).Residencial Paraiso de Macael. Cita previa m\u00f3vil 1: 690 303 447. Cita previa m\u00f3vil 2: 656 256 803. Tel\u00e9fono despacho 1: 958 68 80 03. Tel\u00e9fono despacho 2: 958 68 09 &hellip;<\/p>\n<p class=\"read-more\"> <a class=\"\" href=\"https:\/\/todo-derecho.com\/?page_id=368\"> <span class=\"screen-reader-text\">Seguridad Social.<\/span> Leer m\u00e1s &raquo;<\/a><\/p>\n","protected":false},"author":1,"featured_media":0,"parent":0,"menu_order":0,"comment_status":"closed","ping_status":"closed","template":"","meta":{"site-sidebar-layout":"default","site-content-layout":"default","ast-global-header-display":"","ast-banner-title-visibility":"","ast-main-header-display":"","ast-hfb-above-header-display":"","ast-hfb-below-header-display":"","ast-hfb-mobile-header-display":"","site-post-title":"","ast-breadcrumbs-content":"","ast-featured-img":"","footer-sml-layout":"","theme-transparent-header-meta":"","adv-header-id-meta":"","stick-header-meta":"","header-above-stick-meta":"","header-main-stick-meta":"","header-below-stick-meta":"","footnotes":""},"class_list":["post-368","page","type-page","status-publish","hentry"],"_links":{"self":[{"href":"https:\/\/todo-derecho.com\/index.php?rest_route=\/wp\/v2\/pages\/368","targetHints":{"allow":["GET"]}}],"collection":[{"href":"https:\/\/todo-derecho.com\/index.php?rest_route=\/wp\/v2\/pages"}],"about":[{"href":"https:\/\/todo-derecho.com\/index.php?rest_route=\/wp\/v2\/types\/page"}],"author":[{"embeddable":true,"href":"https:\/\/todo-derecho.com\/index.php?rest_route=\/wp\/v2\/users\/1"}],"replies":[{"embeddable":true,"href":"https:\/\/todo-derecho.com\/index.php?rest_route=%2Fwp%2Fv2%2Fcomments&post=368"}],"version-history":[{"count":22,"href":"https:\/\/todo-derecho.com\/index.php?rest_route=\/wp\/v2\/pages\/368\/revisions"}],"predecessor-version":[{"id":9099,"href":"https:\/\/todo-derecho.com\/index.php?rest_route=\/wp\/v2\/pages\/368\/revisions\/9099"}],"wp:attachment":[{"href":"https:\/\/todo-derecho.com\/index.php?rest_route=%2Fwp%2Fv2%2Fmedia&parent=368"}],"curies":[{"name":"wp","href":"https:\/\/api.w.org\/{rel}","templated":true}]}}