{"id":53,"date":"2023-05-13T16:05:06","date_gmt":"2023-05-13T16:05:06","guid":{"rendered":"https:\/\/todo-derecho.com\/?page_id=53"},"modified":"2025-05-11T17:01:19","modified_gmt":"2025-05-11T17:01:19","slug":"fotografias-relacionadas","status":"publish","type":"page","link":"https:\/\/todo-derecho.com\/?page_id=53","title":{"rendered":"Fotograf\u00edas relacionadas"},"content":{"rendered":"\n<p><strong>\u00a1Nuevo m\u00f3vil de contacto 690 303 447, siempre a su disposici\u00f3n!<\/strong><\/p>\n\n\n\n<p><strong>Tambi\u00e9n puede concertar cita en el<\/strong>:<\/p>\n\n\n\n<p><strong>656 256 803.<\/strong><\/p>\n\n\n\n<p><strong>Tel\u00e9fono fijo Despacho 1: 958 68 80 03.<\/strong><\/p>\n\n\n\n<p><strong>Tel\u00e9fono fijo Despacho 2: 958 68 09 00.<\/strong><\/p>\n\n\n\n<p><strong>E-mail:&nbsp;&nbsp;<\/strong><\/p>\n\n\n\n<p><strong><a href=\"mailto:elisabeth.gutierrez.alcala@gmail.com\">elisabeth.gutierrez.alcala@gmail.com<\/a><\/strong><\/p>\n\n\n\n<p><strong>E-mail:&nbsp;<a href=\"mailto:6346@icagr.es\">despacho@todo-derecho.com<\/a><\/strong><\/p>\n\n\n\n<p><strong>ELISABET NATIVIDAD GUTI\u00c9RREZ ALCAL\u00c1.<\/strong><\/p>\n\n\n\n<p><strong>Abogada. Col.n\u00ba 6.346 en el Ilustre Colegio de Abogados de Granada.<\/strong><\/p>\n\n\n\n<p><strong>Direcci\u00f3n:<\/strong><\/p>\n\n\n\n<p>C\/Juan Pedernal, n\u00ba 4, BAJOS. C.P. 18.500 Guadix (Granada).<br>Residencial Paraiso de Macael.<\/p>\n\n\n\n<h4 class=\"wp-block-heading\">&nbsp;<\/h4>\n\n\n\n<h4 class=\"wp-block-heading\"><strong>FOTOGRAF\u00cdAS&nbsp;RELACIONADAS<\/strong><\/h4>\n\n\n\n<p><em>\u00abLa Justicia no es un rompecabezas solo hay que buscar el camino m\u00e1s f\u00e1cil para encontrar la soluci\u00f3n a nuestro problema\u00bb.<\/em><\/p>\n\n\n\n<p>y POR SUPUESTO NO SE RINDA USTED <strong>NUNCA.<\/strong><\/p>\n\n\n\n<p><strong><em>By Elisabet Natividad Guti\u00e9rrez Alcal\u00e1.<\/em><\/strong><\/p>\n\n\n\n<div class=\"wp-block-media-text is-stacked-on-mobile\"><figure class=\"wp-block-media-text__media\"><img loading=\"lazy\" decoding=\"async\" width=\"439\" height=\"740\" src=\"https:\/\/todo-derecho.com\/wp-content\/uploads\/2025\/05\/Screenshot_20250510-172447-1-3.png\" alt=\"\" class=\"wp-image-9247 size-full\"\/><\/figure><div class=\"wp-block-media-text__content\">\n<p>Bienvenidos a Despacho Jur\u00eddico Todo Derecho.<\/p>\n<\/div><\/div>\n\n\n\n<figure class=\"wp-block-image aligncenter size-full is-resized\"><img loading=\"lazy\" decoding=\"async\" width=\"480\" height=\"360\" src=\"https:\/\/todo-derecho.com\/wp-content\/uploads\/2023\/05\/Picture0065.jpg\" alt=\"\" class=\"wp-image-263\" style=\"width:380px\" srcset=\"https:\/\/todo-derecho.com\/wp-content\/uploads\/2023\/05\/Picture0065.jpg 480w, https:\/\/todo-derecho.com\/wp-content\/uploads\/2023\/05\/Picture0065-300x225.jpg 300w\" sizes=\"auto, (max-width: 480px) 100vw, 480px\" \/><figcaption class=\"wp-element-caption\">En nuestro Despacho.<\/figcaption><\/figure>\n\n\n\n<figure class=\"wp-block-image size-full\"><img loading=\"lazy\" decoding=\"async\" width=\"717\" height=\"517\" src=\"https:\/\/todo-derecho.com\/wp-content\/uploads\/2025\/05\/NECESITA-AYUDA-LEGAL-URGENTE.png\" alt=\"\" class=\"wp-image-9250\"\/><\/figure>\n\n\n\n<figure class=\"wp-block-image aligncenter size-full\"><img loading=\"lazy\" decoding=\"async\" width=\"480\" height=\"360\" src=\"https:\/\/todo-derecho.com\/wp-content\/uploads\/2023\/05\/Picture0081.jpg\" alt=\"\" class=\"wp-image-264\" title=\"Excelentes Abogados en Guadix\" srcset=\"https:\/\/todo-derecho.com\/wp-content\/uploads\/2023\/05\/Picture0081.jpg 480w, https:\/\/todo-derecho.com\/wp-content\/uploads\/2023\/05\/Picture0081-300x225.jpg 300w\" sizes=\"auto, (max-width: 480px) 100vw, 480px\" \/><\/figure>\n\n\n\n<figure class=\"wp-block-image aligncenter size-full\"><img loading=\"lazy\" decoding=\"async\" width=\"480\" height=\"360\" src=\"https:\/\/todo-derecho.com\/wp-content\/uploads\/2023\/05\/Picture0156.jpg\" alt=\"\" class=\"wp-image-265\" title=\"Ilustre Colegio de Abogados de Granada\" srcset=\"https:\/\/todo-derecho.com\/wp-content\/uploads\/2023\/05\/Picture0156.jpg 480w, https:\/\/todo-derecho.com\/wp-content\/uploads\/2023\/05\/Picture0156-300x225.jpg 300w\" sizes=\"auto, (max-width: 480px) 100vw, 480px\" \/><\/figure>\n\n\n\n<figure class=\"wp-block-image aligncenter size-large\"><img loading=\"lazy\" decoding=\"async\" width=\"1024\" height=\"768\" src=\"https:\/\/todo-derecho.com\/wp-content\/uploads\/2023\/05\/160120141743-1024x768.jpg\" alt=\"\" class=\"wp-image-267\" title=\"Excelentes Abogados en el Ilustre Colegio de Abogados de Granada\" srcset=\"https:\/\/todo-derecho.com\/wp-content\/uploads\/2023\/05\/160120141743-1024x768.jpg 1024w, https:\/\/todo-derecho.com\/wp-content\/uploads\/2023\/05\/160120141743-300x225.jpg 300w, https:\/\/todo-derecho.com\/wp-content\/uploads\/2023\/05\/160120141743-768x576.jpg 768w, https:\/\/todo-derecho.com\/wp-content\/uploads\/2023\/05\/160120141743-1536x1152.jpg 1536w, https:\/\/todo-derecho.com\/wp-content\/uploads\/2023\/05\/160120141743.jpg 2048w\" sizes=\"auto, (max-width: 1024px) 100vw, 1024px\" \/><figcaption class=\"wp-element-caption\">Celebrando despu\u00e9s de obtener una sentencia estimatoria para nuestros clientes. <\/figcaption><\/figure>\n\n\n\n<figure class=\"wp-block-image size-large\"><img loading=\"lazy\" decoding=\"async\" width=\"1024\" height=\"768\" src=\"https:\/\/todo-derecho.com\/wp-content\/uploads\/2023\/05\/TODO-DERECHO-49-1024x768.jpg\" alt=\"\" class=\"wp-image-297\" title=\"Col 6346 Ilustre Colegio de Abogados de Granada\" srcset=\"https:\/\/todo-derecho.com\/wp-content\/uploads\/2023\/05\/TODO-DERECHO-49-1024x768.jpg 1024w, https:\/\/todo-derecho.com\/wp-content\/uploads\/2023\/05\/TODO-DERECHO-49-300x225.jpg 300w, https:\/\/todo-derecho.com\/wp-content\/uploads\/2023\/05\/TODO-DERECHO-49-768x576.jpg 768w, https:\/\/todo-derecho.com\/wp-content\/uploads\/2023\/05\/TODO-DERECHO-49-1536x1152.jpg 1536w, https:\/\/todo-derecho.com\/wp-content\/uploads\/2023\/05\/TODO-DERECHO-49.jpg 2048w\" sizes=\"auto, (max-width: 1024px) 100vw, 1024px\" \/><\/figure>\n\n\n\n<figure class=\"wp-block-image aligncenter size-large\"><img loading=\"lazy\" decoding=\"async\" width=\"1024\" height=\"768\" src=\"https:\/\/todo-derecho.com\/wp-content\/uploads\/2023\/05\/TODO-DERECHO-71-1024x768.jpg\" alt=\"\" class=\"wp-image-272\" srcset=\"https:\/\/todo-derecho.com\/wp-content\/uploads\/2023\/05\/TODO-DERECHO-71-1024x768.jpg 1024w, https:\/\/todo-derecho.com\/wp-content\/uploads\/2023\/05\/TODO-DERECHO-71-300x225.jpg 300w, https:\/\/todo-derecho.com\/wp-content\/uploads\/2023\/05\/TODO-DERECHO-71-768x576.jpg 768w, https:\/\/todo-derecho.com\/wp-content\/uploads\/2023\/05\/TODO-DERECHO-71-1536x1152.jpg 1536w, https:\/\/todo-derecho.com\/wp-content\/uploads\/2023\/05\/TODO-DERECHO-71.jpg 2048w\" sizes=\"auto, (max-width: 1024px) 100vw, 1024px\" \/><\/figure>\n\n\n\n<figure class=\"wp-block-image aligncenter size-full\"><img loading=\"lazy\" decoding=\"async\" width=\"360\" height=\"480\" src=\"https:\/\/todo-derecho.com\/wp-content\/uploads\/2023\/05\/14102011365.jpg\" alt=\"\" class=\"wp-image-269\" srcset=\"https:\/\/todo-derecho.com\/wp-content\/uploads\/2023\/05\/14102011365.jpg 360w, https:\/\/todo-derecho.com\/wp-content\/uploads\/2023\/05\/14102011365-225x300.jpg 225w\" sizes=\"auto, (max-width: 360px) 100vw, 360px\" \/><figcaption class=\"wp-element-caption\">Fotograf\u00eda: <br>Jura de Elisabet Natividad <br>Guti\u00e9rrez Alcal\u00e1.<br> 14 de octubre de 2011.<\/figcaption><\/figure>\n\n\n\n<p>&nbsp; &nbsp; &nbsp;  &nbsp; &nbsp;<\/p>\n\n\n\n<figure class=\"wp-block-image aligncenter size-large\"><img loading=\"lazy\" decoding=\"async\" width=\"768\" height=\"1024\" src=\"https:\/\/todo-derecho.com\/wp-content\/uploads\/2023\/05\/TODO-DERECHO-9-768x1024.jpg\" alt=\"\" class=\"wp-image-274\" srcset=\"https:\/\/todo-derecho.com\/wp-content\/uploads\/2023\/05\/TODO-DERECHO-9-768x1024.jpg 768w, https:\/\/todo-derecho.com\/wp-content\/uploads\/2023\/05\/TODO-DERECHO-9-225x300.jpg 225w, https:\/\/todo-derecho.com\/wp-content\/uploads\/2023\/05\/TODO-DERECHO-9-1152x1536.jpg 1152w, https:\/\/todo-derecho.com\/wp-content\/uploads\/2023\/05\/TODO-DERECHO-9.jpg 1536w\" sizes=\"auto, (max-width: 768px) 100vw, 768px\" \/><\/figure>\n\n\n\n<p><\/p>\n\n\n\n<figure class=\"wp-block-image aligncenter size-large\"><img loading=\"lazy\" decoding=\"async\" width=\"1024\" height=\"768\" src=\"https:\/\/todo-derecho.com\/wp-content\/uploads\/2023\/05\/TODO-DERECHO-17-1024x768.jpg\" alt=\"\" class=\"wp-image-276\" srcset=\"https:\/\/todo-derecho.com\/wp-content\/uploads\/2023\/05\/TODO-DERECHO-17-1024x768.jpg 1024w, https:\/\/todo-derecho.com\/wp-content\/uploads\/2023\/05\/TODO-DERECHO-17-300x225.jpg 300w, https:\/\/todo-derecho.com\/wp-content\/uploads\/2023\/05\/TODO-DERECHO-17-768x576.jpg 768w, https:\/\/todo-derecho.com\/wp-content\/uploads\/2023\/05\/TODO-DERECHO-17-1536x1152.jpg 1536w, https:\/\/todo-derecho.com\/wp-content\/uploads\/2023\/05\/TODO-DERECHO-17.jpg 2048w\" sizes=\"auto, (max-width: 1024px) 100vw, 1024px\" \/><\/figure>\n\n\n\n<p><\/p>\n\n\n\n<figure class=\"wp-block-image size-large\"><img loading=\"lazy\" decoding=\"async\" width=\"1024\" height=\"768\" src=\"https:\/\/todo-derecho.com\/wp-content\/uploads\/2023\/05\/TODO-DERECHO-21-1024x768.jpg\" alt=\"\" class=\"wp-image-278\" srcset=\"https:\/\/todo-derecho.com\/wp-content\/uploads\/2023\/05\/TODO-DERECHO-21-1024x768.jpg 1024w, https:\/\/todo-derecho.com\/wp-content\/uploads\/2023\/05\/TODO-DERECHO-21-300x225.jpg 300w, https:\/\/todo-derecho.com\/wp-content\/uploads\/2023\/05\/TODO-DERECHO-21-768x576.jpg 768w, https:\/\/todo-derecho.com\/wp-content\/uploads\/2023\/05\/TODO-DERECHO-21-1536x1152.jpg 1536w, https:\/\/todo-derecho.com\/wp-content\/uploads\/2023\/05\/TODO-DERECHO-21.jpg 2048w\" sizes=\"auto, (max-width: 1024px) 100vw, 1024px\" \/><\/figure>\n\n\n\n<figure class=\"wp-block-image aligncenter size-large\"><img loading=\"lazy\" decoding=\"async\" width=\"1024\" height=\"768\" src=\"https:\/\/todo-derecho.com\/wp-content\/uploads\/2023\/05\/TODO-DERECHO-43-1024x768.jpg\" alt=\"\" class=\"wp-image-287\" srcset=\"https:\/\/todo-derecho.com\/wp-content\/uploads\/2023\/05\/TODO-DERECHO-43-1024x768.jpg 1024w, https:\/\/todo-derecho.com\/wp-content\/uploads\/2023\/05\/TODO-DERECHO-43-300x225.jpg 300w, https:\/\/todo-derecho.com\/wp-content\/uploads\/2023\/05\/TODO-DERECHO-43-768x576.jpg 768w, https:\/\/todo-derecho.com\/wp-content\/uploads\/2023\/05\/TODO-DERECHO-43-1536x1152.jpg 1536w, https:\/\/todo-derecho.com\/wp-content\/uploads\/2023\/05\/TODO-DERECHO-43.jpg 2048w\" sizes=\"auto, (max-width: 1024px) 100vw, 1024px\" \/><\/figure>\n\n\n\n<p>&nbsp; &nbsp; &nbsp; &nbsp; &nbsp; &nbsp; &nbsp; &nbsp; &nbsp; &nbsp; &nbsp; &nbsp; &nbsp; &nbsp; <\/p>\n\n\n\n<figure class=\"wp-block-image aligncenter size-large\"><img loading=\"lazy\" decoding=\"async\" width=\"1024\" height=\"768\" src=\"https:\/\/todo-derecho.com\/wp-content\/uploads\/2023\/05\/TODO-DERECHO-25-1024x768.jpg\" alt=\"\" class=\"wp-image-279\" srcset=\"https:\/\/todo-derecho.com\/wp-content\/uploads\/2023\/05\/TODO-DERECHO-25-1024x768.jpg 1024w, https:\/\/todo-derecho.com\/wp-content\/uploads\/2023\/05\/TODO-DERECHO-25-300x225.jpg 300w, https:\/\/todo-derecho.com\/wp-content\/uploads\/2023\/05\/TODO-DERECHO-25-768x576.jpg 768w, https:\/\/todo-derecho.com\/wp-content\/uploads\/2023\/05\/TODO-DERECHO-25-1536x1152.jpg 1536w, https:\/\/todo-derecho.com\/wp-content\/uploads\/2023\/05\/TODO-DERECHO-25.jpg 2048w\" sizes=\"auto, (max-width: 1024px) 100vw, 1024px\" \/><\/figure>\n\n\n\n<figure class=\"wp-block-image aligncenter size-full\"><img loading=\"lazy\" decoding=\"async\" width=\"640\" height=\"480\" src=\"https:\/\/todo-derecho.com\/wp-content\/uploads\/2023\/05\/TODO-DERECHO-205.jpg\" alt=\"\" class=\"wp-image-285\" srcset=\"https:\/\/todo-derecho.com\/wp-content\/uploads\/2023\/05\/TODO-DERECHO-205.jpg 640w, https:\/\/todo-derecho.com\/wp-content\/uploads\/2023\/05\/TODO-DERECHO-205-300x225.jpg 300w\" sizes=\"auto, (max-width: 640px) 100vw, 640px\" \/><\/figure>\n\n\n\n<p> &nbsp; &nbsp; &nbsp; &nbsp; &nbsp;<\/p>\n\n\n\n<figure class=\"wp-block-image aligncenter size-large\"><img loading=\"lazy\" decoding=\"async\" width=\"1024\" height=\"768\" src=\"https:\/\/todo-derecho.com\/wp-content\/uploads\/2023\/05\/TODO-DERECHO-33-1024x768.jpg\" alt=\"\" class=\"wp-image-281\" srcset=\"https:\/\/todo-derecho.com\/wp-content\/uploads\/2023\/05\/TODO-DERECHO-33-1024x768.jpg 1024w, https:\/\/todo-derecho.com\/wp-content\/uploads\/2023\/05\/TODO-DERECHO-33-300x225.jpg 300w, https:\/\/todo-derecho.com\/wp-content\/uploads\/2023\/05\/TODO-DERECHO-33-768x576.jpg 768w, https:\/\/todo-derecho.com\/wp-content\/uploads\/2023\/05\/TODO-DERECHO-33-1536x1152.jpg 1536w, https:\/\/todo-derecho.com\/wp-content\/uploads\/2023\/05\/TODO-DERECHO-33.jpg 2048w\" sizes=\"auto, (max-width: 1024px) 100vw, 1024px\" \/><\/figure>\n\n\n\n<figure class=\"wp-block-image aligncenter size-large\"><img loading=\"lazy\" decoding=\"async\" width=\"1024\" height=\"768\" src=\"https:\/\/todo-derecho.com\/wp-content\/uploads\/2023\/05\/TODO-DERECHO-41-1024x768.jpg\" alt=\"\" class=\"wp-image-282\" srcset=\"https:\/\/todo-derecho.com\/wp-content\/uploads\/2023\/05\/TODO-DERECHO-41-1024x768.jpg 1024w, https:\/\/todo-derecho.com\/wp-content\/uploads\/2023\/05\/TODO-DERECHO-41-300x225.jpg 300w, https:\/\/todo-derecho.com\/wp-content\/uploads\/2023\/05\/TODO-DERECHO-41-768x576.jpg 768w, https:\/\/todo-derecho.com\/wp-content\/uploads\/2023\/05\/TODO-DERECHO-41-1536x1152.jpg 1536w, https:\/\/todo-derecho.com\/wp-content\/uploads\/2023\/05\/TODO-DERECHO-41.jpg 2048w\" sizes=\"auto, (max-width: 1024px) 100vw, 1024px\" \/><\/figure>\n\n\n\n<figure class=\"wp-block-image aligncenter size-large\"><img loading=\"lazy\" decoding=\"async\" width=\"1024\" height=\"768\" src=\"https:\/\/todo-derecho.com\/wp-content\/uploads\/2023\/05\/TODO-DERECHO-29-1024x768.jpg\" alt=\"\" class=\"wp-image-289\" srcset=\"https:\/\/todo-derecho.com\/wp-content\/uploads\/2023\/05\/TODO-DERECHO-29-1024x768.jpg 1024w, https:\/\/todo-derecho.com\/wp-content\/uploads\/2023\/05\/TODO-DERECHO-29-300x225.jpg 300w, https:\/\/todo-derecho.com\/wp-content\/uploads\/2023\/05\/TODO-DERECHO-29-768x576.jpg 768w, https:\/\/todo-derecho.com\/wp-content\/uploads\/2023\/05\/TODO-DERECHO-29-1536x1152.jpg 1536w, https:\/\/todo-derecho.com\/wp-content\/uploads\/2023\/05\/TODO-DERECHO-29.jpg 2048w\" sizes=\"auto, (max-width: 1024px) 100vw, 1024px\" \/><\/figure>\n\n\n\n<figure class=\"wp-block-image aligncenter size-full\"><img loading=\"lazy\" decoding=\"async\" width=\"640\" height=\"480\" src=\"https:\/\/todo-derecho.com\/wp-content\/uploads\/2023\/05\/TODO-DERECHO-156.jpg\" alt=\"\" class=\"wp-image-283\" title=\"Congreso de los Diputados en Madrid\" srcset=\"https:\/\/todo-derecho.com\/wp-content\/uploads\/2023\/05\/TODO-DERECHO-156.jpg 640w, https:\/\/todo-derecho.com\/wp-content\/uploads\/2023\/05\/TODO-DERECHO-156-300x225.jpg 300w\" sizes=\"auto, (max-width: 640px) 100vw, 640px\" \/><\/figure>\n\n\n\n<p>&nbsp;<\/p>\n\n\n\n<figure class=\"wp-block-gallery has-nested-images columns-default is-cropped wp-block-gallery-1 is-layout-flex wp-block-gallery-is-layout-flex\">\n<figure class=\"wp-block-image size-large\"><img loading=\"lazy\" decoding=\"async\" width=\"720\" height=\"510\" data-id=\"9234\" src=\"https:\/\/todo-derecho.com\/wp-content\/uploads\/2025\/05\/1000015000.png\" alt=\"\" class=\"wp-image-9234\"\/><\/figure>\n<\/figure>\n\n\n\n<figure class=\"wp-block-embed is-type-wp-embed is-provider-incrustado wp-block-embed-incrustado\"><div class=\"wp-block-embed__wrapper\">\n<blockquote class=\"wp-embedded-content\" data-secret=\"46PkorrJKq\"><a href=\"https:\/\/todo-derecho.com\/?page_id=61\">ACCESO Y CONSULTA ONLINE<\/a><\/blockquote><iframe loading=\"lazy\" class=\"wp-embedded-content\" sandbox=\"allow-scripts\" security=\"restricted\" style=\"position: absolute; visibility: hidden;\" title=\"\u00abACCESO Y CONSULTA ONLINE\u00bb \u2014 \" src=\"https:\/\/todo-derecho.com\/?page_id=61&#038;embed=true#?secret=DhzQlEVZDX#?secret=46PkorrJKq\" data-secret=\"46PkorrJKq\" width=\"500\" height=\"282\" frameborder=\"0\" marginwidth=\"0\" marginheight=\"0\" scrolling=\"no\"><\/iframe>\n<\/div><figcaption class=\"wp-element-caption\">Honorarios consulta jur\u00eddica 25 euros IVA INCLUIDO.<\/figcaption><\/figure>\n\n\n\n<p>**************<\/p>\n\n\n\n<p>Muchas gracias por su visita.<\/p>\n\n\n\n<div class=\"wp-block-media-text is-stacked-on-mobile\"><figure class=\"wp-block-media-text__media\"><img loading=\"lazy\" decoding=\"async\" width=\"1001\" height=\"736\" src=\"https:\/\/todo-derecho.com\/wp-content\/uploads\/2025\/05\/image-4-33.jpg\" alt=\"\" class=\"wp-image-9237 size-full\"\/><\/figure><div class=\"wp-block-media-text__content\">\n<p><strong>Su apoyo no tiene precio.<\/strong><\/p>\n\n\n\n<p><strong>Gracias por elegirnos.<\/strong><\/p>\n<\/div><\/div>\n\n\n\n<p>**************<\/p>\n\n\n\n<p>P\u00e1gina web desarrollada por Informatic@ Mipc: <a href=\"https:\/\/informaticamipc.com\/es\/\">https:\/\/informaticamipc.com\/es\/<\/a><\/p>\n","protected":false},"excerpt":{"rendered":"<p>\u00a1Nuevo m\u00f3vil de contacto 690 303 447, siempre a su disposici\u00f3n! Tambi\u00e9n puede concertar cita en el: 656 256 803. Tel\u00e9fono fijo Despacho 1: 958 68 80 03. Tel\u00e9fono fijo Despacho 2: 958 68 09 00. E-mail:&nbsp;&nbsp; elisabeth.gutierrez.alcala@gmail.com E-mail:&nbsp;despacho@todo-derecho.com ELISABET NATIVIDAD GUTI\u00c9RREZ ALCAL\u00c1. Abogada. Col.n\u00ba 6.346 en el Ilustre Colegio de Abogados de Granada. Direcci\u00f3n: &hellip;<\/p>\n<p class=\"read-more\"> <a class=\"\" href=\"https:\/\/todo-derecho.com\/?page_id=53\"> <span class=\"screen-reader-text\">Fotograf\u00edas relacionadas<\/span> Leer m\u00e1s &raquo;<\/a><\/p>\n","protected":false},"author":1,"featured_media":0,"parent":0,"menu_order":0,"comment_status":"closed","ping_status":"closed","template":"","meta":{"site-sidebar-layout":"default","site-content-layout":"default","ast-global-header-display":"","ast-banner-title-visibility":"","ast-main-header-display":"","ast-hfb-above-header-display":"","ast-hfb-below-header-display":"","ast-hfb-mobile-header-display":"","site-post-title":"","ast-breadcrumbs-content":"","ast-featured-img":"","footer-sml-layout":"","theme-transparent-header-meta":"","adv-header-id-meta":"","stick-header-meta":"","header-above-stick-meta":"","header-main-stick-meta":"","header-below-stick-meta":"","footnotes":""},"class_list":["post-53","page","type-page","status-publish","hentry"],"_links":{"self":[{"href":"https:\/\/todo-derecho.com\/index.php?rest_route=\/wp\/v2\/pages\/53","targetHints":{"allow":["GET"]}}],"collection":[{"href":"https:\/\/todo-derecho.com\/index.php?rest_route=\/wp\/v2\/pages"}],"about":[{"href":"https:\/\/todo-derecho.com\/index.php?rest_route=\/wp\/v2\/types\/page"}],"author":[{"embeddable":true,"href":"https:\/\/todo-derecho.com\/index.php?rest_route=\/wp\/v2\/users\/1"}],"replies":[{"embeddable":true,"href":"https:\/\/todo-derecho.com\/index.php?rest_route=%2Fwp%2Fv2%2Fcomments&post=53"}],"version-history":[{"count":38,"href":"https:\/\/todo-derecho.com\/index.php?rest_route=\/wp\/v2\/pages\/53\/revisions"}],"predecessor-version":[{"id":9252,"href":"https:\/\/todo-derecho.com\/index.php?rest_route=\/wp\/v2\/pages\/53\/revisions\/9252"}],"wp:attachment":[{"href":"https:\/\/todo-derecho.com\/index.php?rest_route=%2Fwp%2Fv2%2Fmedia&parent=53"}],"curies":[{"name":"wp","href":"https:\/\/api.w.org\/{rel}","templated":true}]}}