{"id":626,"date":"2023-06-10T16:27:24","date_gmt":"2023-06-10T16:27:24","guid":{"rendered":"https:\/\/todo-derecho.com\/?page_id=626"},"modified":"2025-11-16T19:15:20","modified_gmt":"2025-11-16T19:15:20","slug":"estadisticas","status":"publish","type":"page","link":"https:\/\/todo-derecho.com\/?page_id=626","title":{"rendered":"Estad\u00edsticas."},"content":{"rendered":"\n<p>Aunque la mediaci\u00f3n no est\u00e1 muy extendida en Espa\u00f1a, desde nuestro despacho jur\u00eddico recomendamos absolutamente acudir a la mediaci\u00f3n como un procedimiento de resoluci\u00f3n de conflictos para no tener que acudir a los Juzgados y Tribunales (ahorrar\u00e1 tiempo y dinero)<\/p>\n\n\n\n<p><strong>ESTAD\u00cdSTICAS EJERCICIO 2024.<\/strong><\/p>\n\n\n\n<p>Herencias                 20%<\/p>\n\n\n\n<p>Testamentos.           10%<\/p>\n\n\n\n<p>Reclamaciones.       10%<\/p>\n\n\n\n<p>Mercantil                   10%<\/p>\n\n\n\n<p>Laboral.                      25%<\/p>\n\n\n\n<p>Fiscal.                         25%<\/p>\n\n\n\n<p>Total:                          100%<\/p>\n\n\n\n<p>****************<\/p>\n\n\n\n<p><\/p>\n\n\n\n<p><strong>Ejercicio 2023.<\/strong><\/p>\n\n\n\n<p>\u00c1rea Fiscal: 50%.<\/p>\n\n\n\n<p>\u00c1rea mercantil: 50%.<\/p>\n\n\n\n<p>Total: &nbsp; &nbsp; &nbsp; &nbsp; &nbsp; &nbsp;100%.<\/p>\n\n\n\n<p>**************<\/p>\n\n\n\n<p><strong>ESTAD\u00cdSTICAS EJERCICIO 2013 DESPACHO JUR\u00cdDICO TODO DERECHO<\/strong><\/p>\n\n\n\n<p>Es hora de realizar un recuento sobre los diversas consultas y asuntos que han llegado a nuestro despacho a lo largo del Ejercicio 2013:<br><br>A continuaci\u00f3n os mostramos nuestras Estad\u00edsticas:<br><br>\u00c1rea civil: &nbsp; &nbsp; &nbsp; 20%.<br>\u00c1rea Laboral: 35%.<br>\u00c1rea Penal: &nbsp; &nbsp;15%.<br>\u00c1rea Fiscal: &nbsp; &nbsp;25%.<br>Extranjer\u00eda: &nbsp; &nbsp; &nbsp; 5%.<br><br>Total: &nbsp; &nbsp; &nbsp; &nbsp; &nbsp; &nbsp;100%.<br><\/p>\n\n\n\n<p>*****************<\/p>\n\n\n\n<p><strong>Otros datos:<\/strong><\/p>\n\n\n\n<p>De todos los asuntos tratados aproximadamente&nbsp;<strong>el 20%<\/strong>&nbsp;de los mismos&nbsp;<strong>se ha solucionado de manera extrajudicial<\/strong>&nbsp;y&nbsp;<strong>un 40% (con voluntad de las partes enfrentadas&nbsp;podr\u00eda solucionarse sin llegar a pisar un Juzgado mediante un procedimiento de mediaci\u00f3n) .<\/strong><\/p>\n\n\n\n<p>La&nbsp;duraci\u00f3n media&nbsp;de una consulta realizada por nuestros clientes en nuestro despacho aproximadamente oscila las<strong>&nbsp;2 horas<\/strong>. <\/p>\n\n\n\n<p>En este periodo de tiempo si la consulta es sencilla intentamos que el cliente quede lo mejor informado posible.<\/p>\n\n\n\n<p>En el caso de una consulta de&nbsp;mayor complejidad,&nbsp;urgente&nbsp;o&nbsp;asunto grave&nbsp;nos adaptamos al horario del propio cliente y siempre preferimos que acuda a nuestro despacho todas las veces que sean necesarias para que todo quede claro.<\/p>\n\n\n\n<p>***************<\/p>\n\n\n\n<p><strong>ELISABET NATIVIDAD GUTI\u00c9RREZ ALCAL\u00c1.<\/strong><\/p>\n\n\n\n<p><strong>Abogada. Col.n\u00ba 6.346 en el Ilustre Colegio de Abogados de Granada.<\/strong><\/p>\n\n\n\n<p><strong>Direcci\u00f3n:<\/strong><\/p>\n\n\n\n<p>C\/Juan Pedernal, n\u00ba 4, BAJOS. C.P. 18.500 Guadix (Granada).<br>Residencial Paraiso de Macael.<\/p>\n\n\n\n<p><strong>Cita previa m\u00f3vil 1: 690 303 447.<\/strong><\/p>\n\n\n\n<p><strong>Cita previa m\u00f3vil 2: 656 256 803.<\/strong><\/p>\n\n\n\n<p><strong>Tel\u00e9fono despacho 1: 958 68 80 03.<\/strong><\/p>\n\n\n\n<p><strong>Tel\u00e9fono despacho 2: 958 68 09 00.<\/strong><\/p>\n\n\n\n<p><strong>Fax: 958 68 80 03.<\/strong><\/p>\n\n\n\n<p><strong>E-mail:&nbsp;<\/strong><\/p>\n\n\n\n<p><strong><a href=\"mailto:elisabeth.gutierrez.alcala@gmail.com\">elisabeth.gutierrez.alcala@gmail.com<\/a><\/strong><\/p>\n\n\n\n<p><strong>E-mail:&nbsp;<a href=\"mailto:despacho@todo-derecho.com\">despacho@todo-derecho.com<\/a><\/strong><\/p>\n\n\n\n<figure class=\"wp-block-image aligncenter size-large\"><img loading=\"lazy\" decoding=\"async\" width=\"1024\" height=\"768\" src=\"https:\/\/todo-derecho.com\/wp-content\/uploads\/2023\/06\/TODO-DERECHO-75-1024x768.jpg\" alt=\"\" class=\"wp-image-792\" srcset=\"https:\/\/todo-derecho.com\/wp-content\/uploads\/2023\/06\/TODO-DERECHO-75-1024x768.jpg 1024w, https:\/\/todo-derecho.com\/wp-content\/uploads\/2023\/06\/TODO-DERECHO-75-300x225.jpg 300w, https:\/\/todo-derecho.com\/wp-content\/uploads\/2023\/06\/TODO-DERECHO-75-768x576.jpg 768w, https:\/\/todo-derecho.com\/wp-content\/uploads\/2023\/06\/TODO-DERECHO-75-1536x1152.jpg 1536w, https:\/\/todo-derecho.com\/wp-content\/uploads\/2023\/06\/TODO-DERECHO-75.jpg 2048w\" sizes=\"auto, (max-width: 1024px) 100vw, 1024px\" \/><\/figure>\n\n\n\n<p><\/p>\n\n\n\n<figure class=\"wp-block-embed is-type-wp-embed is-provider-incrustado wp-block-embed-incrustado\"><div class=\"wp-block-embed__wrapper\">\n<blockquote class=\"wp-embedded-content\" data-secret=\"6gfENIDQ5V\"><a href=\"https:\/\/todo-derecho.com\/?page_id=61\">ACCESO Y CONSULTA ONLINE<\/a><\/blockquote><iframe loading=\"lazy\" class=\"wp-embedded-content\" sandbox=\"allow-scripts\" security=\"restricted\" style=\"position: absolute; visibility: hidden;\" title=\"\u00abACCESO Y CONSULTA ONLINE\u00bb \u2014 \" src=\"https:\/\/todo-derecho.com\/?page_id=61&#038;embed=true#?secret=KfJG0MXKFW#?secret=6gfENIDQ5V\" data-secret=\"6gfENIDQ5V\" width=\"500\" height=\"282\" frameborder=\"0\" marginwidth=\"0\" marginheight=\"0\" scrolling=\"no\"><\/iframe>\n<\/div><figcaption class=\"wp-element-caption\">Honorarios Consulta jur\u00eddica 25 euros IVA INCLUIDO.<\/figcaption><\/figure>\n\n\n\n<p><\/p>\n\n\n\n<p>***********<\/p>\n\n\n\n<div class=\"wp-block-media-text is-stacked-on-mobile\"><figure class=\"wp-block-media-text__media\"><img loading=\"lazy\" decoding=\"async\" width=\"1001\" height=\"736\" src=\"https:\/\/todo-derecho.com\/wp-content\/uploads\/2025\/05\/image-4-11.jpg\" alt=\"\" class=\"wp-image-9014 size-full\"\/><\/figure><div class=\"wp-block-media-text__content\">\n<p><strong>Muchas gracias por hacer que Despacho Jur\u00eddico Todo Derecho crezca cada d\u00eda.<\/strong><\/p>\n<\/div><\/div>\n\n\n\n<p><\/p>\n\n\n\n<p>*****************<\/p>\n\n\n\n<p>Web desarrollada por Informatic@ Mipc:<\/p>\n\n\n\n<p><a href=\"https:\/\/informaticamipc.com\/es\">https:\/\/informaticamipc.com\/es<\/a><\/p>\n","protected":false},"excerpt":{"rendered":"<p>Aunque la mediaci\u00f3n no est\u00e1 muy extendida en Espa\u00f1a, desde nuestro despacho jur\u00eddico recomendamos absolutamente acudir a la mediaci\u00f3n como un procedimiento de resoluci\u00f3n de conflictos para no tener que acudir a los Juzgados y Tribunales (ahorrar\u00e1 tiempo y dinero) ESTAD\u00cdSTICAS EJERCICIO 2024. Herencias 20% Testamentos. 10% Reclamaciones. 10% Mercantil 10% Laboral. 25% Fiscal. 25% &hellip;<\/p>\n<p class=\"read-more\"> <a class=\"\" href=\"https:\/\/todo-derecho.com\/?page_id=626\"> <span class=\"screen-reader-text\">Estad\u00edsticas.<\/span> Leer m\u00e1s &raquo;<\/a><\/p>\n","protected":false},"author":1,"featured_media":0,"parent":0,"menu_order":0,"comment_status":"closed","ping_status":"closed","template":"","meta":{"site-sidebar-layout":"default","site-content-layout":"default","ast-global-header-display":"","ast-banner-title-visibility":"","ast-main-header-display":"","ast-hfb-above-header-display":"","ast-hfb-below-header-display":"","ast-hfb-mobile-header-display":"","site-post-title":"","ast-breadcrumbs-content":"","ast-featured-img":"","footer-sml-layout":"","theme-transparent-header-meta":"","adv-header-id-meta":"","stick-header-meta":"","header-above-stick-meta":"","header-main-stick-meta":"","header-below-stick-meta":"","footnotes":""},"class_list":["post-626","page","type-page","status-publish","hentry"],"_links":{"self":[{"href":"https:\/\/todo-derecho.com\/index.php?rest_route=\/wp\/v2\/pages\/626","targetHints":{"allow":["GET"]}}],"collection":[{"href":"https:\/\/todo-derecho.com\/index.php?rest_route=\/wp\/v2\/pages"}],"about":[{"href":"https:\/\/todo-derecho.com\/index.php?rest_route=\/wp\/v2\/types\/page"}],"author":[{"embeddable":true,"href":"https:\/\/todo-derecho.com\/index.php?rest_route=\/wp\/v2\/users\/1"}],"replies":[{"embeddable":true,"href":"https:\/\/todo-derecho.com\/index.php?rest_route=%2Fwp%2Fv2%2Fcomments&post=626"}],"version-history":[{"count":30,"href":"https:\/\/todo-derecho.com\/index.php?rest_route=\/wp\/v2\/pages\/626\/revisions"}],"predecessor-version":[{"id":10722,"href":"https:\/\/todo-derecho.com\/index.php?rest_route=\/wp\/v2\/pages\/626\/revisions\/10722"}],"wp:attachment":[{"href":"https:\/\/todo-derecho.com\/index.php?rest_route=%2Fwp%2Fv2%2Fmedia&parent=626"}],"curies":[{"name":"wp","href":"https:\/\/api.w.org\/{rel}","templated":true}]}}