{"id":632,"date":"2023-06-10T16:34:55","date_gmt":"2023-06-10T16:34:55","guid":{"rendered":"https:\/\/todo-derecho.com\/?page_id=632"},"modified":"2025-11-16T19:35:54","modified_gmt":"2025-11-16T19:35:54","slug":"extranjeria","status":"publish","type":"page","link":"https:\/\/todo-derecho.com\/?page_id=632","title":{"rendered":"Extranjer\u00eda."},"content":{"rendered":"\n<p><strong>ELISABET NATIVIDAD GUTI\u00c9RREZ ALCAL\u00c1.<\/strong><\/p>\n\n\n\n<p><strong>Abogada. Col.n\u00ba 6.346 en el Ilustre Colegio de Abogados de Granada.<\/strong><\/p>\n\n\n\n<p><strong>Direcci\u00f3n:<\/strong><\/p>\n\n\n\n<p>C\/Juan Pedernal, n\u00ba 4, BAJOS. C.P. 18.500 Guadix (Granada).<br>Residencial Paraiso de Macael.<\/p>\n\n\n\n<p><strong>Cita previa m\u00f3vil 1: 690 303 447.<\/strong><\/p>\n\n\n\n<p><strong>Cita previa m\u00f3vil 2: 656 256 803.<\/strong><\/p>\n\n\n\n<p><strong>Tel\u00e9fono despacho 1: 958 68 80 03.<\/strong><\/p>\n\n\n\n<p><strong>Tel\u00e9fono despacho 2: 958 68 09 00.<\/strong><\/p>\n\n\n\n<p><strong>Fax: 958 68 80 03.<\/strong><\/p>\n\n\n\n<p><strong>E-mail:&nbsp;<\/strong><\/p>\n\n\n\n<p><strong><a href=\"mailto:elisabeth.gutierrez.alcala@gmail.com\">elisabeth.gutierrez.alcala@gmail.com<\/a><\/strong><\/p>\n\n\n\n<p><strong>E-mail:&nbsp;<a href=\"mailto:despacho@todo-derecho.com\">despacho@todo-derecho.com<\/a><\/strong><\/p>\n\n\n\n<p>*****************<\/p>\n\n\n\n<p><strong>ABOGADO- ADVOCAT- LAWYER &#8211; AVOCAT &#8211; RECHTSANWALT &#8211; AVOGADO &#8211; ADVOGADO&nbsp;<\/strong><\/p>\n\n\n\n<figure class=\"wp-block-image aligncenter size-full\"><img loading=\"lazy\" decoding=\"async\" width=\"960\" height=\"720\" src=\"https:\/\/todo-derecho.com\/wp-content\/uploads\/2025\/02\/TODO-DERECHO-EXTRANJERIA.jpg\" alt=\"\" class=\"wp-image-7727\"\/><\/figure>\n\n\n\n<p><\/p>\n\n\n\n<p>Llame y estudiamos su caso de forma personalizada.<\/p>\n\n\n\n<p><strong>Informaci\u00f3n general:<\/strong><\/p>\n\n\n\n<p><strong>\u00bfNECESITA UN ABOGADO?<\/strong><\/p>\n\n\n\n<ul class=\"wp-block-list\">\n<li>Permisos de residencia.<\/li>\n\n\n\n<li>Renovaci\u00f3n de permiso de residencia.<\/li>\n\n\n\n<li>Obtenci\u00f3n de residencia por cuenta propia.<\/li>\n\n\n\n<li>Obtenci\u00f3n de residencia por cuenta ajena.<\/li>\n\n\n\n<li>Tramitaci\u00f3n para obtenci\u00f3n del N.I.E.<\/li>\n\n\n\n<li>Tramitaci\u00f3n para obtenci\u00f3n de la nacionalidad espa\u00f1ola.<\/li>\n<\/ul>\n\n\n\n<p>Reagrupaci\u00f3n familiar.<\/p>\n\n\n\n<p><strong>Documentaci\u00f3n necesaria para estudiar su caso jur\u00eddico (seg\u00fan el caso):<\/strong><\/p>\n\n\n\n<p>Pasaporte.<\/p>\n\n\n\n<p>Cualquier documentaci\u00f3n acreditativa.<\/p>\n\n\n\n<p>Contratos de trabajo.<\/p>\n\n\n\n<p>N\u00f3minas.<\/p>\n\n\n\n<p>Contrato de seguro.<\/p>\n\n\n\n<p>Certificado de empadronamiento.<\/p>\n\n\n\n<p>Tarjeta de asistencia sanitaria.<\/p>\n\n\n\n<p>Certificados de formaci\u00f3n reglada o no reglada.<\/p>\n\n\n\n<p>Billetes de viaje.<\/p>\n\n\n\n<p>Documentaci\u00f3n bancaria.<\/p>\n\n\n\n<p><strong>Normativa b\u00e1sica:<\/strong><\/p>\n\n\n\n<p>Ley Org\u00e1nica 4\/2000, de 11 de enero, sobre derechos y libertades de los extranjeros en Espa\u00f1a y su integraci\u00f3n social.<\/p>\n\n\n\n<p>Real Decreto 557\/2011, de 20 de abril, por el que se aprueba el Reglamento de la Ley Org\u00e1nica 4\/2000, sobre derechos y libertades de los extranjeros en Espa\u00f1a y su integraci\u00f3n social, tras su reforma por Ley Org\u00e1nica 2\/2009.<\/p>\n\n\n\n<h5 class=\"wp-block-heading\">Art\u00edculo 1. Delimitaci\u00f3n del \u00e1mbito.<\/h5>\n\n\n\n<p>1. Se consideran extranjeros, a los efectos de la aplicaci\u00f3n de la presente Ley, a los que carezcan de la nacionalidad espa\u00f1ola.<\/p>\n\n\n\n<p>2. Lo dispuesto en esta Ley se entender\u00e1, en todo caso, sin perjuicio de lo establecido en leyes especiales y en los Tratados internacionales en los que Espa\u00f1a sea parte.<\/p>\n\n\n\n<p>3. Los nacionales de los Estados miembros de la Uni\u00f3n Europea y aquellos a quienes sea de aplicaci\u00f3n el r\u00e9gimen comunitario se regir\u00e1n por las normas que lo regulan, si\u00e9ndoles de aplicaci\u00f3n la presente Ley en aquellos aspectos que pudieran ser m\u00e1s favorables.<\/p>\n\n\n\n<ul class=\"wp-block-list\">\n<li>Tipo de procedimiento: Sancionador e Inspector.<\/li>\n\n\n\n<li>Resoluci\u00f3n del procedimiento:\n<ul class=\"wp-block-list\">\n<li>\u00d3rganos competentes para resolver este procedimiento:\n<ul class=\"wp-block-list\">\n<li>Delegados o Subdelegados del Gobierno en su caso.<\/li>\n<\/ul>\n<\/li>\n\n\n\n<li>Plazo m\u00e1ximo para resolver y notificar: 6 Meses.<\/li>\n\n\n\n<li>La resoluci\u00f3n del procedimiento s\u00ed pone fin a la v\u00eda administrativa.<\/li>\n\n\n\n<li>Efecto de la falta de resoluci\u00f3n en este plazo: Caducidad (inicio de oficio)<\/li>\n\n\n\n<li>Normativa que regulan el silencio administrativo: LEY ORG\u00c1NICA 4\/2000 de 11 de enero, sobre los derechos y libertades de los extranjeros y su integraci\u00f3n social.<\/li>\n<\/ul>\n<\/li>\n\n\n\n<li>Recursos que se pueden interponer:\n<ul class=\"wp-block-list\">\n<li>Reposici\u00f3n potestativo de reposici\u00f3n\n<ul class=\"wp-block-list\">\n<li>\u00d3rgano que resuelve el recurso: \u00d3rgano que dict\u00f3 el acto.<\/li>\n\n\n\n<li>Plazo de interposici\u00f3n del recurso: 1 mes acto expreso, 3 meses acto presunto.<\/li>\n<\/ul>\n<\/li>\n\n\n\n<li>Contencioso &#8211; Administrativo\n<ul class=\"wp-block-list\">\n<li>\u00d3rgano que resuelve el recurso:\n<ul class=\"wp-block-list\">\n<li>Ante la Audiencia Nacional<\/li>\n<\/ul>\n<\/li>\n\n\n\n<li>Plazo de interposici\u00f3n del recurso: 2 meses desde la publicaci\u00f3n.<\/li>\n<\/ul>\n<\/li>\n<\/ul>\n<\/li>\n<\/ul>\n\n\n\n<figure class=\"wp-block-image aligncenter size-large\"><img loading=\"lazy\" decoding=\"async\" width=\"1024\" height=\"768\" src=\"https:\/\/todo-derecho.com\/wp-content\/uploads\/2023\/06\/eli-despacho-1024x768.jpg\" alt=\"\" class=\"wp-image-1212\" srcset=\"https:\/\/todo-derecho.com\/wp-content\/uploads\/2023\/06\/eli-despacho-1024x768.jpg 1024w, https:\/\/todo-derecho.com\/wp-content\/uploads\/2023\/06\/eli-despacho-300x225.jpg 300w, https:\/\/todo-derecho.com\/wp-content\/uploads\/2023\/06\/eli-despacho-768x576.jpg 768w, https:\/\/todo-derecho.com\/wp-content\/uploads\/2023\/06\/eli-despacho-1536x1152.jpg 1536w, https:\/\/todo-derecho.com\/wp-content\/uploads\/2023\/06\/eli-despacho.jpg 2048w\" sizes=\"auto, (max-width: 1024px) 100vw, 1024px\" \/><figcaption class=\"wp-element-caption\">Elisabet Natividad Guti\u00e9rrez Alcal\u00e1. Abogada ejerciente. <br>Col. 6346. Ilustre Colegio de Abogados de Granada. <br>Despacho Jur\u00eddico Todo Derecho.<\/figcaption><\/figure>\n\n\n\n<p class=\"has-text-align-center\">******************<\/p>\n\n\n\n<figure class=\"wp-block-embed is-type-wp-embed is-provider-incrustado wp-block-embed-incrustado\"><div class=\"wp-block-embed__wrapper\">\n<blockquote class=\"wp-embedded-content\" data-secret=\"zT94DAxELm\"><a href=\"https:\/\/todo-derecho.com\/?page_id=61\">ACCESO Y CONSULTA ONLINE<\/a><\/blockquote><iframe loading=\"lazy\" class=\"wp-embedded-content\" sandbox=\"allow-scripts\" security=\"restricted\" style=\"position: absolute; visibility: hidden;\" title=\"\u00abACCESO Y CONSULTA ONLINE\u00bb \u2014 \" src=\"https:\/\/todo-derecho.com\/?page_id=61&#038;embed=true#?secret=Wil0A74xut#?secret=zT94DAxELm\" data-secret=\"zT94DAxELm\" width=\"500\" height=\"282\" frameborder=\"0\" marginwidth=\"0\" marginheight=\"0\" scrolling=\"no\"><\/iframe>\n<\/div><figcaption class=\"wp-element-caption\">Puede realizar su consulta jur\u00eddica desde este enlace. Consulta jur\u00eddica honorarios 25 euros (IVA INCLUIDO).<\/figcaption><\/figure>\n\n\n\n<p>***************<\/p>\n\n\n\n<p><strong>Si prefiere acudir a nuestro despacho los honorarios por la consulta jur\u00eddica no urgente ascienden a 50 Euros (IVA INCLUIDO).<\/strong><\/p>\n\n\n\n<p><strong>Consulta jur\u00eddica urgente: 150,00 Euros (IVA INCLUIDO).<\/strong><\/p>\n\n\n\n<p>***************<\/p>\n\n\n\n<p>Muchas gracias por su atenci\u00f3n.<\/p>\n\n\n\n<div class=\"wp-block-media-text is-stacked-on-mobile\"><figure class=\"wp-block-media-text__media\"><img loading=\"lazy\" decoding=\"async\" width=\"1001\" height=\"736\" src=\"https:\/\/todo-derecho.com\/wp-content\/uploads\/2025\/05\/image-4-23.jpg\" alt=\"\" class=\"wp-image-9113 size-full\"\/><\/figure><div class=\"wp-block-media-text__content\">\n<p><strong>Siempre a su disposici\u00f3n para lo que necesiten.<\/strong><\/p>\n\n\n\n<p><strong>Confianza y buen trabajo.<\/strong><\/p>\n<\/div><\/div>\n\n\n\n<p>***************<\/p>\n\n\n\n<p>Web desarrollada por informatic@ Mipc: <\/p>\n\n\n\n<p><a href=\"https:\/\/informaticamipc.com\/es\/\">https:\/\/informaticamipc.com\/es\/<\/a><\/p>\n","protected":false},"excerpt":{"rendered":"<p>ELISABET NATIVIDAD GUTI\u00c9RREZ ALCAL\u00c1. Abogada. Col.n\u00ba 6.346 en el Ilustre Colegio de Abogados de Granada. Direcci\u00f3n: C\/Juan Pedernal, n\u00ba 4, BAJOS. C.P. 18.500 Guadix (Granada).Residencial Paraiso de Macael. Cita previa m\u00f3vil 1: 690 303 447. Cita previa m\u00f3vil 2: 656 256 803. Tel\u00e9fono despacho 1: 958 68 80 03. Tel\u00e9fono despacho 2: 958 68 09 &hellip;<\/p>\n<p class=\"read-more\"> <a class=\"\" href=\"https:\/\/todo-derecho.com\/?page_id=632\"> <span class=\"screen-reader-text\">Extranjer\u00eda.<\/span> Leer m\u00e1s &raquo;<\/a><\/p>\n","protected":false},"author":1,"featured_media":0,"parent":0,"menu_order":0,"comment_status":"closed","ping_status":"closed","template":"","meta":{"site-sidebar-layout":"default","site-content-layout":"default","ast-global-header-display":"","ast-banner-title-visibility":"","ast-main-header-display":"","ast-hfb-above-header-display":"","ast-hfb-below-header-display":"","ast-hfb-mobile-header-display":"","site-post-title":"","ast-breadcrumbs-content":"","ast-featured-img":"","footer-sml-layout":"","theme-transparent-header-meta":"","adv-header-id-meta":"","stick-header-meta":"","header-above-stick-meta":"","header-main-stick-meta":"","header-below-stick-meta":"","footnotes":""},"class_list":["post-632","page","type-page","status-publish","hentry"],"_links":{"self":[{"href":"https:\/\/todo-derecho.com\/index.php?rest_route=\/wp\/v2\/pages\/632","targetHints":{"allow":["GET"]}}],"collection":[{"href":"https:\/\/todo-derecho.com\/index.php?rest_route=\/wp\/v2\/pages"}],"about":[{"href":"https:\/\/todo-derecho.com\/index.php?rest_route=\/wp\/v2\/types\/page"}],"author":[{"embeddable":true,"href":"https:\/\/todo-derecho.com\/index.php?rest_route=\/wp\/v2\/users\/1"}],"replies":[{"embeddable":true,"href":"https:\/\/todo-derecho.com\/index.php?rest_route=%2Fwp%2Fv2%2Fcomments&post=632"}],"version-history":[{"count":45,"href":"https:\/\/todo-derecho.com\/index.php?rest_route=\/wp\/v2\/pages\/632\/revisions"}],"predecessor-version":[{"id":10739,"href":"https:\/\/todo-derecho.com\/index.php?rest_route=\/wp\/v2\/pages\/632\/revisions\/10739"}],"wp:attachment":[{"href":"https:\/\/todo-derecho.com\/index.php?rest_route=%2Fwp%2Fv2%2Fmedia&parent=632"}],"curies":[{"name":"wp","href":"https:\/\/api.w.org\/{rel}","templated":true}]}}