{"id":643,"date":"2023-06-10T16:51:03","date_gmt":"2023-06-10T16:51:03","guid":{"rendered":"https:\/\/todo-derecho.com\/?page_id=643"},"modified":"2025-05-10T19:15:34","modified_gmt":"2025-05-10T19:15:34","slug":"solicitar-presupuesto","status":"publish","type":"page","link":"https:\/\/todo-derecho.com\/?page_id=643","title":{"rendered":"Solicitar presupuesto."},"content":{"rendered":"\n<p><strong>Realizamos presupuesto sin compromiso en el caso de que usted prefiera iniciar un procedimiento extrajudicial o judicial ante los Tribunales.<\/strong><\/p>\n\n\n\n<div class=\"wp-block-media-text is-stacked-on-mobile\"><figure class=\"wp-block-media-text__media\"><img loading=\"lazy\" decoding=\"async\" width=\"1015\" height=\"734\" src=\"https:\/\/todo-derecho.com\/wp-content\/uploads\/2025\/05\/solicitar-presupuesto.png\" alt=\"\" class=\"wp-image-8872 size-full\"\/><\/figure><div class=\"wp-block-media-text__content\">\n<p><strong>Presupuesto gratuito.<\/strong><\/p>\n<\/div><\/div>\n\n\n\n<p>Solicitar presupuesto sobre su problema jur\u00eddico judicial o extrajudicial es totalmente gratuito.&nbsp;<\/p>\n\n\n\n<p>Es necesario que nos proporcione los siguientes datos para hacerlo constar en el presupuesto:<\/p>\n\n\n\n<p>Nombre y apellidos o denominaci\u00f3n social en el caso de tratarse de una persona jur\u00eddica.<\/p>\n\n\n\n<p>Domicilio actual.<\/p>\n\n\n\n<p>N\u00famero de identificaci\u00f3n fiscal .<\/p>\n\n\n\n<p>Direcci\u00f3n de correo electr\u00f3nico.<\/p>\n\n\n\n<p>M\u00f3vil.<\/p>\n\n\n\n<p>Tel\u00e9fono.<\/p>\n\n\n\n<p>El presupuesto tiene una validez de 1 a\u00f1o a contar desde la fecha de emisi\u00f3n del presupuesto.<\/p>\n\n\n\n<p>La solicitud de presupuesto se puede realizar por tel\u00e9fono o bien por correo electr\u00f3nico:&nbsp;<\/p>\n\n\n\n<p><a href=\"mailto:elisabeth.gutierrez.alcala@gmail.com\">elisabeth.gutierrez.alcala@gmail.com<\/a><\/p>\n\n\n\n<p>El presupuesto se enviar\u00e1 a la direcci\u00f3n de correo electr\u00f3nico que nos facilite.<\/p>\n\n\n\n<figure class=\"wp-block-image aligncenter size-large\"><img loading=\"lazy\" decoding=\"async\" width=\"1024\" height=\"768\" src=\"https:\/\/todo-derecho.com\/wp-content\/uploads\/2023\/06\/TODO-DERECHO-75-1024x768.jpg\" alt=\"\" class=\"wp-image-792\" srcset=\"https:\/\/todo-derecho.com\/wp-content\/uploads\/2023\/06\/TODO-DERECHO-75-1024x768.jpg 1024w, https:\/\/todo-derecho.com\/wp-content\/uploads\/2023\/06\/TODO-DERECHO-75-300x225.jpg 300w, https:\/\/todo-derecho.com\/wp-content\/uploads\/2023\/06\/TODO-DERECHO-75-768x576.jpg 768w, https:\/\/todo-derecho.com\/wp-content\/uploads\/2023\/06\/TODO-DERECHO-75-1536x1152.jpg 1536w, https:\/\/todo-derecho.com\/wp-content\/uploads\/2023\/06\/TODO-DERECHO-75.jpg 2048w\" sizes=\"auto, (max-width: 1024px) 100vw, 1024px\" \/><\/figure>\n\n\n\n<p><strong>ELISABET NATIVIDAD GUTI\u00c9RREZ ALCAL\u00c1.<\/strong><\/p>\n\n\n\n<p><strong>Abogada. Col.n\u00ba 6.346 en el Ilustre Colegio de Abogados de Granada.<\/strong><\/p>\n\n\n\n<p><strong>Direcci\u00f3n:<\/strong><\/p>\n\n\n\n<p>C\/Juan Pedernal, n\u00ba 4, BAJOS. C.P. 18.500 Guadix (Granada).<br>Residencial Paraiso de Macael.<\/p>\n\n\n\n<p><strong>Cita previa m\u00f3vil 1: 690 303 447.<\/strong><\/p>\n\n\n\n<p><strong>Cita previa m\u00f3vil 2: 656 256 803.<\/strong><\/p>\n\n\n\n<p><strong>Tel\u00e9fono despacho 1: 958 68 80 03.<\/strong><\/p>\n\n\n\n<p><strong>Tel\u00e9fono despacho 2: 958 68 09 00.<\/strong><\/p>\n\n\n\n<p><strong>Fax: 958 68 80 03.<\/strong><\/p>\n\n\n\n<p><strong>E-mail:&nbsp;<\/strong><\/p>\n\n\n\n<p><strong><a href=\"mailto:elisabeth.gutierrez.alcala@gmail.com\">elisabeth.gutierrez.alcala@gmail.com<\/a><\/strong><\/p>\n\n\n\n<p><strong>E-mail:\u00a0<a href=\"mailto:despacho@todo-derecho.com\">despacho@todo-derecho.com<\/a><\/strong><\/p>\n\n\n\n<figure class=\"wp-block-embed is-type-wp-embed is-provider-incrustado wp-block-embed-incrustado\"><div class=\"wp-block-embed__wrapper\">\n<blockquote class=\"wp-embedded-content\" data-secret=\"oplceRPJvU\"><a href=\"https:\/\/todo-derecho.com\/?page_id=61\">ACCESO Y CONSULTA ONLINE<\/a><\/blockquote><iframe loading=\"lazy\" class=\"wp-embedded-content\" sandbox=\"allow-scripts\" security=\"restricted\" style=\"position: absolute; visibility: hidden;\" title=\"\u00abACCESO Y CONSULTA ONLINE\u00bb \u2014 \" src=\"https:\/\/todo-derecho.com\/?page_id=61&#038;embed=true#?secret=gRsa1ePkdm#?secret=oplceRPJvU\" data-secret=\"oplceRPJvU\" width=\"500\" height=\"282\" frameborder=\"0\" marginwidth=\"0\" marginheight=\"0\" scrolling=\"no\"><\/iframe>\n<\/div><figcaption class=\"wp-element-caption\">Puede realizar su consulta jur\u00eddica desde este enlace. Honorarios: 25,00 Euros (IVA INCLUIDO).<\/figcaption><\/figure>\n\n\n\n<p>****************<\/p>\n\n\n\n<p>Muchas gracias por su atenci\u00f3n. Muchas gracias por su total confianza.<\/p>\n\n\n\n<p>****************<\/p>\n\n\n\n<p>Web desarrollada por informatic@ Mipc: <a href=\"https:\/\/informaticamipc.com\/es\/\">https:\/\/informaticamipc.com\/es\/<\/a><\/p>\n","protected":false},"excerpt":{"rendered":"<p>Realizamos presupuesto sin compromiso en el caso de que usted prefiera iniciar un procedimiento extrajudicial o judicial ante los Tribunales. Presupuesto gratuito. Solicitar presupuesto sobre su problema jur\u00eddico judicial o extrajudicial es totalmente gratuito.&nbsp; Es necesario que nos proporcione los siguientes datos para hacerlo constar en el presupuesto: Nombre y apellidos o denominaci\u00f3n social en &hellip;<\/p>\n<p class=\"read-more\"> <a class=\"\" href=\"https:\/\/todo-derecho.com\/?page_id=643\"> <span class=\"screen-reader-text\">Solicitar presupuesto.<\/span> Leer m\u00e1s &raquo;<\/a><\/p>\n","protected":false},"author":1,"featured_media":0,"parent":0,"menu_order":0,"comment_status":"closed","ping_status":"closed","template":"","meta":{"site-sidebar-layout":"default","site-content-layout":"default","ast-global-header-display":"","ast-banner-title-visibility":"","ast-main-header-display":"","ast-hfb-above-header-display":"","ast-hfb-below-header-display":"","ast-hfb-mobile-header-display":"","site-post-title":"","ast-breadcrumbs-content":"","ast-featured-img":"","footer-sml-layout":"","theme-transparent-header-meta":"","adv-header-id-meta":"","stick-header-meta":"","header-above-stick-meta":"","header-main-stick-meta":"","header-below-stick-meta":"","footnotes":""},"class_list":["post-643","page","type-page","status-publish","hentry"],"_links":{"self":[{"href":"https:\/\/todo-derecho.com\/index.php?rest_route=\/wp\/v2\/pages\/643","targetHints":{"allow":["GET"]}}],"collection":[{"href":"https:\/\/todo-derecho.com\/index.php?rest_route=\/wp\/v2\/pages"}],"about":[{"href":"https:\/\/todo-derecho.com\/index.php?rest_route=\/wp\/v2\/types\/page"}],"author":[{"embeddable":true,"href":"https:\/\/todo-derecho.com\/index.php?rest_route=\/wp\/v2\/users\/1"}],"replies":[{"embeddable":true,"href":"https:\/\/todo-derecho.com\/index.php?rest_route=%2Fwp%2Fv2%2Fcomments&post=643"}],"version-history":[{"count":17,"href":"https:\/\/todo-derecho.com\/index.php?rest_route=\/wp\/v2\/pages\/643\/revisions"}],"predecessor-version":[{"id":8874,"href":"https:\/\/todo-derecho.com\/index.php?rest_route=\/wp\/v2\/pages\/643\/revisions\/8874"}],"wp:attachment":[{"href":"https:\/\/todo-derecho.com\/index.php?rest_route=%2Fwp%2Fv2%2Fmedia&parent=643"}],"curies":[{"name":"wp","href":"https:\/\/api.w.org\/{rel}","templated":true}]}}