{"id":7693,"date":"2025-02-21T16:35:47","date_gmt":"2025-02-21T16:35:47","guid":{"rendered":"https:\/\/todo-derecho.com\/?page_id=7693"},"modified":"2025-05-11T17:48:38","modified_gmt":"2025-05-11T17:48:38","slug":"violencia-de-genero","status":"publish","type":"page","link":"https:\/\/todo-derecho.com\/?page_id=7693","title":{"rendered":"Violencia de g\u00e9nero."},"content":{"rendered":"\n<p><strong>ELISABET NATIVIDAD GUTI\u00c9RREZ ALCAL\u00c1.<\/strong><\/p>\n\n\n\n<p><strong>Abogada ejerciente. Colegiado n\u00famero 6346 en el Ilustre Colegio de Abogados de Granada.<\/strong><\/p>\n\n\n\n<p><strong>Direcci\u00f3n:<\/strong><\/p>\n\n\n\n<p>Calle Juan Pedernal, n\u00famero 4, BAJOS. C\u00f3digo Postal. 18.500 Guadix (Granada). Espa\u00f1a (Spain).<br>Residencial Paraiso de Macael.<\/p>\n\n\n\n<p><strong>Cita previa m\u00f3vil 1: 690 303 447.<\/strong><\/p>\n\n\n\n<p><strong>Cita previa m\u00f3vil 2: 656 256 803.<\/strong><\/p>\n\n\n\n<p><strong>Tel\u00e9fono despacho 1: 958 68 80 03.<\/strong><\/p>\n\n\n\n<p><strong>Tel\u00e9fono despacho 2: 958 68 09 00.<\/strong><\/p>\n\n\n\n<p><strong>Fax: 958 68 80 03.<\/strong><\/p>\n\n\n\n<p><strong>E-mail:&nbsp;<\/strong><\/p>\n\n\n\n<p><strong><a href=\"mailto:elisabeth.gutierrez.alcala@gmail.com\">elisabeth.gutierrez.alcala@gmail.com<\/a><\/strong><\/p>\n\n\n\n<p><strong>E-mail:\u00a0<\/strong><a href=\"mailto:despacho@todo-derecho.com\"><strong>despacho@todo-derecho.com<\/strong><\/a><\/p>\n\n\n\n<p>Nuestro despacho jur\u00eddico le asesor\u00e1 en todo lo relativo a violencia de g\u00e9nero. <\/p>\n\n\n\n<p>Estamos a su entera disposici\u00f3n para ayudarle.<\/p>\n\n\n\n<p>Si usted considera que est\u00e1 siendo v\u00edctima de violencia de g\u00e9nero contacte con nuestro despacho jur\u00eddico. <strong>M\u00f3vil: 690 303 447.<\/strong><\/p>\n\n\n\n<p>La violencia de g\u00e9nero sigue siendo una verdadera lacra social (maltrato f\u00edsico, agresiones de todo tipo, maltrato ps\u00edquico, vejaciones, insultos, violaci\u00f3n solapada, etc&#8230; <strong>dirigido sobre todo<\/strong> hacia la persona de la mujer en el entorno familiar o para perjudicarla directamente, aunque tambi\u00e9n se extiende a otros \u00e1mbitos). <\/p>\n\n\n\n<p>Tambi\u00e9n puede ocurrir que una persona sea <strong>denunciada falsamente <\/strong>por violencia de g\u00e9nero (en este caso el marido, novio, amigo, padre, etc&#8230;) por supuesto como justiciable cuente con nuestro despacho jur\u00eddico para su defensa ante los tribunales. Estamos para ayudarle. <\/p>\n\n\n\n<p>Efectivamente las anteriores casu\u00edsticas son verdaderamente reprochables y se deben cortar de raiz y defender ante los juzgados y tribunales irremediablemente.<\/p>\n\n\n\n<figure class=\"wp-block-image aligncenter size-full\"><img loading=\"lazy\" decoding=\"async\" width=\"720\" height=\"507\" src=\"https:\/\/todo-derecho.com\/wp-content\/uploads\/2025\/02\/VIOLENCIA-DE-GENERO.png\" alt=\"\" class=\"wp-image-7705\"\/><\/figure>\n\n\n\n<p>La violencia de g\u00e9nero <strong>no es admisible y no es tolerable.<\/strong><\/p>\n\n\n\n<p><strong>Estamos a su disposici\u00f3n para lo que necesite.<\/strong><\/p>\n\n\n\n<p><strong>Informaci\u00f3n general:<\/strong><\/p>\n\n\n\n<h2 class=\"wp-block-heading\">Normativa<\/h2>\n\n\n\n<h3 class=\"wp-block-heading\">NORMATIVA ESTATAL<\/h3>\n\n\n\n<ul class=\"wp-block-list\">\n<li>Ley Org\u00e1nica 10\/2022, de 6 de septiembre, de garant\u00eda integral de la libertad sexual.<\/li>\n\n\n\n<li>Ley Org\u00e1nica 1\/2004, de 28 de diciembre, Medidas de Protecci\u00f3n Integral contra la Violencia de G\u00e9nero.<\/li>\n\n\n\n<li>Ley Org\u00e1nica 3\/2007, de 22 de marzo, para la igualdad efectiva de mujeres y hombres.&nbsp;<\/li>\n\n\n\n<li>C\u00f3digo de Violencia de G\u00e9nero y Dom\u00e9stica.&nbsp;<\/li>\n\n\n\n<li>C\u00f3digo de Extranjer\u00eda.&nbsp;<\/li>\n<\/ul>\n\n\n\n<h3 class=\"wp-block-heading\">NORMATIVA EUROPEA<\/h3>\n\n\n\n<ul class=\"wp-block-list\">\n<li>Carta de los Derechos Fundamentales de la Uni\u00f3n Europea (2000).&nbsp;<\/li>\n\n\n\n<li>Web de EU JUSTICE- Legislaci\u00f3n de la Uni\u00f3n Europea sobre Violencia de G\u00e9nero.&nbsp;<\/li>\n\n\n\n<li>Convenio del Consejo de Europa para prevenir y combatir la violencia contra la mujer y la violencia dom\u00e9stica de 2011 (Convenio de Estambul).&nbsp;<\/li>\n<\/ul>\n\n\n\n<h3 class=\"wp-block-heading\">NORMATIVA INTERNACIONAL<\/h3>\n\n\n\n<ul class=\"wp-block-list\">\n<li>Declaraci\u00f3n universal de los Derechos Humanos.&nbsp;<\/li>\n\n\n\n<li>Convenci\u00f3n sobre la eliminaci\u00f3n de todas las formas de discriminaci\u00f3n contra las mujeres (CEDAW).&nbsp;<\/li>\n\n\n\n<li>Declaraci\u00f3n y Plataforma de Acci\u00f3n de la IV Conferencia Internacional sobre la Mujer de Beijing (1995).&nbsp;<\/li>\n<\/ul>\n\n\n\n<p>***************<\/p>\n\n\n\n<figure class=\"wp-block-embed is-type-wp-embed is-provider-incrustado wp-block-embed-incrustado\"><div class=\"wp-block-embed__wrapper\">\n<blockquote class=\"wp-embedded-content\" data-secret=\"BQOTc7m4SO\"><a href=\"https:\/\/todo-derecho.com\/?page_id=61\">ACCESO Y CONSULTA ONLINE<\/a><\/blockquote><iframe loading=\"lazy\" class=\"wp-embedded-content\" sandbox=\"allow-scripts\" security=\"restricted\" style=\"position: absolute; visibility: hidden;\" title=\"\u00abACCESO Y CONSULTA ONLINE\u00bb \u2014 \" src=\"https:\/\/todo-derecho.com\/?page_id=61&#038;embed=true#?secret=1AQtGDxz5h#?secret=BQOTc7m4SO\" data-secret=\"BQOTc7m4SO\" width=\"500\" height=\"282\" frameborder=\"0\" marginwidth=\"0\" marginheight=\"0\" scrolling=\"no\"><\/iframe>\n<\/div><figcaption class=\"wp-element-caption\">Puede realizar su consulta jur\u00eddica en el anterior enlace. <br>Honorarios: 25,00 Euros (IVA INCLUIDO).<\/figcaption><\/figure>\n\n\n\n<p>****************<\/p>\n\n\n\n<p>Muchas gracias por su atenci\u00f3n. <\/p>\n\n\n\n<div class=\"wp-block-media-text is-stacked-on-mobile\"><figure class=\"wp-block-media-text__media\"><img loading=\"lazy\" decoding=\"async\" width=\"1001\" height=\"736\" src=\"https:\/\/todo-derecho.com\/wp-content\/uploads\/2025\/05\/image-4-38.jpg\" alt=\"\" class=\"wp-image-9306 size-full\"\/><\/figure><div class=\"wp-block-media-text__content\">\n<p><strong>Secreto profesional.<\/strong><\/p>\n\n\n\n<p><strong>Lealtad.<\/strong><\/p>\n\n\n\n<p><strong>Confidencialidad.<\/strong><\/p>\n<\/div><\/div>\n\n\n\n<p>Bienvenido.<\/p>\n\n\n\n<p>****************<\/p>\n\n\n\n<p>Web desarrollada por informatic@ Mipc: <a href=\"https:\/\/informaticamipc.com\/es\/\">https:\/\/informaticamipc.com\/es\/<\/a><\/p>\n","protected":false},"excerpt":{"rendered":"<p>ELISABET NATIVIDAD GUTI\u00c9RREZ ALCAL\u00c1. Abogada ejerciente. Colegiado n\u00famero 6346 en el Ilustre Colegio de Abogados de Granada. Direcci\u00f3n: Calle Juan Pedernal, n\u00famero 4, BAJOS. C\u00f3digo Postal. 18.500 Guadix (Granada). Espa\u00f1a (Spain).Residencial Paraiso de Macael. Cita previa m\u00f3vil 1: 690 303 447. Cita previa m\u00f3vil 2: 656 256 803. Tel\u00e9fono despacho 1: 958 68 80 03. &hellip;<\/p>\n<p class=\"read-more\"> <a class=\"\" href=\"https:\/\/todo-derecho.com\/?page_id=7693\"> <span class=\"screen-reader-text\">Violencia de g\u00e9nero.<\/span> Leer m\u00e1s &raquo;<\/a><\/p>\n","protected":false},"author":1,"featured_media":0,"parent":0,"menu_order":0,"comment_status":"closed","ping_status":"closed","template":"","meta":{"site-sidebar-layout":"default","site-content-layout":"default","ast-global-header-display":"","ast-banner-title-visibility":"","ast-main-header-display":"","ast-hfb-above-header-display":"","ast-hfb-below-header-display":"","ast-hfb-mobile-header-display":"","site-post-title":"","ast-breadcrumbs-content":"","ast-featured-img":"","footer-sml-layout":"","theme-transparent-header-meta":"","adv-header-id-meta":"","stick-header-meta":"","header-above-stick-meta":"","header-main-stick-meta":"","header-below-stick-meta":"","footnotes":""},"class_list":["post-7693","page","type-page","status-publish","hentry"],"_links":{"self":[{"href":"https:\/\/todo-derecho.com\/index.php?rest_route=\/wp\/v2\/pages\/7693","targetHints":{"allow":["GET"]}}],"collection":[{"href":"https:\/\/todo-derecho.com\/index.php?rest_route=\/wp\/v2\/pages"}],"about":[{"href":"https:\/\/todo-derecho.com\/index.php?rest_route=\/wp\/v2\/types\/page"}],"author":[{"embeddable":true,"href":"https:\/\/todo-derecho.com\/index.php?rest_route=\/wp\/v2\/users\/1"}],"replies":[{"embeddable":true,"href":"https:\/\/todo-derecho.com\/index.php?rest_route=%2Fwp%2Fv2%2Fcomments&post=7693"}],"version-history":[{"count":31,"href":"https:\/\/todo-derecho.com\/index.php?rest_route=\/wp\/v2\/pages\/7693\/revisions"}],"predecessor-version":[{"id":9309,"href":"https:\/\/todo-derecho.com\/index.php?rest_route=\/wp\/v2\/pages\/7693\/revisions\/9309"}],"wp:attachment":[{"href":"https:\/\/todo-derecho.com\/index.php?rest_route=%2Fwp%2Fv2%2Fmedia&parent=7693"}],"curies":[{"name":"wp","href":"https:\/\/api.w.org\/{rel}","templated":true}]}}