{"id":778,"date":"2023-06-10T19:53:29","date_gmt":"2023-06-10T19:53:29","guid":{"rendered":"https:\/\/todo-derecho.com\/?page_id=778"},"modified":"2023-06-11T17:38:00","modified_gmt":"2023-06-11T17:38:00","slug":"uso-recomendable-de-mascarilla","status":"publish","type":"page","link":"https:\/\/todo-derecho.com\/?page_id=778","title":{"rendered":"Uso recomendable de mascarilla."},"content":{"rendered":"\n<p>Aunque la mascarilla ya no es obligatoria en gran parte de espacios interiores, nuestro despacho jur\u00eddico si&nbsp;<strong>recomienda<\/strong>&nbsp;su uso durante su visita a nuestras instalaciones.<\/p>\n\n\n\n<p><strong>ELISABET NATIVIDAD GUTI\u00c9RREZ ALCAL\u00c1.<\/strong><\/p>\n\n\n\n<p><strong>Abogada. Col.n\u00ba 6.346 en el Ilustre Colegio de Abogados de Granada.<\/strong><\/p>\n\n\n\n<p><strong>Direcci\u00f3n:<\/strong><\/p>\n\n\n\n<p>C\/Juan Pedernal, n\u00ba 4, BAJOS. C.P. 18.500 Guadix (Granada).<br>Residencial Paraiso de Macael.<\/p>\n\n\n\n<p><strong>Cita previa m\u00f3vil 1: 690 303 447.<\/strong><\/p>\n\n\n\n<p><strong>Cita previa m\u00f3vil 2: 656 256 803.<\/strong><\/p>\n\n\n\n<p><strong>Tel\u00e9fono despacho 1: 958 68 80 03.<\/strong><\/p>\n\n\n\n<p><strong>Tel\u00e9fono despacho 2: 958 68 09 00.<\/strong><\/p>\n\n\n\n<p><strong>Fax: 958 68 80 03.<\/strong><\/p>\n\n\n\n<p><strong>E-mail:&nbsp;<a href=\"mailto:elisabeth.gutierrez.alcala@gmail.com\">elisabeth.gutierrez.alcala@gmail.com<\/a><\/strong><\/p>\n\n\n\n<p><strong>E-mail:&nbsp;<a href=\"mailto:6346@icagr.es\">6346@icagr.es<\/a><\/strong><\/p>\n\n\n\n<figure class=\"wp-block-image aligncenter size-full\"><img loading=\"lazy\" decoding=\"async\" width=\"720\" height=\"540\" src=\"https:\/\/todo-derecho.com\/wp-content\/uploads\/2023\/06\/TODO-DERECHO-196.jpg\" alt=\"\" class=\"wp-image-881\" srcset=\"https:\/\/todo-derecho.com\/wp-content\/uploads\/2023\/06\/TODO-DERECHO-196.jpg 720w, https:\/\/todo-derecho.com\/wp-content\/uploads\/2023\/06\/TODO-DERECHO-196-300x225.jpg 300w\" sizes=\"auto, (max-width: 720px) 100vw, 720px\" \/><\/figure>\n","protected":false},"excerpt":{"rendered":"<p>Aunque la mascarilla ya no es obligatoria en gran parte de espacios interiores, nuestro despacho jur\u00eddico si&nbsp;recomienda&nbsp;su uso durante su visita a nuestras instalaciones. ELISABET NATIVIDAD GUTI\u00c9RREZ ALCAL\u00c1. Abogada. Col.n\u00ba 6.346 en el Ilustre Colegio de Abogados de Granada. Direcci\u00f3n: C\/Juan Pedernal, n\u00ba 4, BAJOS. C.P. 18.500 Guadix (Granada).Residencial Paraiso de Macael. Cita previa m\u00f3vil &hellip;<\/p>\n<p class=\"read-more\"> <a class=\"\" href=\"https:\/\/todo-derecho.com\/?page_id=778\"> <span class=\"screen-reader-text\">Uso recomendable de mascarilla.<\/span> Leer m\u00e1s &raquo;<\/a><\/p>\n","protected":false},"author":1,"featured_media":0,"parent":0,"menu_order":0,"comment_status":"closed","ping_status":"closed","template":"","meta":{"site-sidebar-layout":"default","site-content-layout":"default","ast-global-header-display":"","ast-banner-title-visibility":"","ast-main-header-display":"","ast-hfb-above-header-display":"","ast-hfb-below-header-display":"","ast-hfb-mobile-header-display":"","site-post-title":"","ast-breadcrumbs-content":"","ast-featured-img":"","footer-sml-layout":"","theme-transparent-header-meta":"","adv-header-id-meta":"","stick-header-meta":"","header-above-stick-meta":"","header-main-stick-meta":"","header-below-stick-meta":"","footnotes":""},"class_list":["post-778","page","type-page","status-publish","hentry"],"_links":{"self":[{"href":"https:\/\/todo-derecho.com\/index.php?rest_route=\/wp\/v2\/pages\/778","targetHints":{"allow":["GET"]}}],"collection":[{"href":"https:\/\/todo-derecho.com\/index.php?rest_route=\/wp\/v2\/pages"}],"about":[{"href":"https:\/\/todo-derecho.com\/index.php?rest_route=\/wp\/v2\/types\/page"}],"author":[{"embeddable":true,"href":"https:\/\/todo-derecho.com\/index.php?rest_route=\/wp\/v2\/users\/1"}],"replies":[{"embeddable":true,"href":"https:\/\/todo-derecho.com\/index.php?rest_route=%2Fwp%2Fv2%2Fcomments&post=778"}],"version-history":[{"count":5,"href":"https:\/\/todo-derecho.com\/index.php?rest_route=\/wp\/v2\/pages\/778\/revisions"}],"predecessor-version":[{"id":883,"href":"https:\/\/todo-derecho.com\/index.php?rest_route=\/wp\/v2\/pages\/778\/revisions\/883"}],"wp:attachment":[{"href":"https:\/\/todo-derecho.com\/index.php?rest_route=%2Fwp%2Fv2%2Fmedia&parent=778"}],"curies":[{"name":"wp","href":"https:\/\/api.w.org\/{rel}","templated":true}]}}