{"id":8009,"date":"2025-02-25T19:10:18","date_gmt":"2025-02-25T19:10:18","guid":{"rendered":"https:\/\/todo-derecho.com\/?page_id=8009"},"modified":"2025-05-11T18:13:24","modified_gmt":"2025-05-11T18:13:24","slug":"custodia-compartida","status":"publish","type":"page","link":"https:\/\/todo-derecho.com\/?page_id=8009","title":{"rendered":"Custodia compartida"},"content":{"rendered":"\n<p><strong>ELISABET NATIVIDAD GUTI\u00c9RREZ ALCAL\u00c1.<\/strong><\/p>\n\n\n\n<p><strong>Abogada. Col.n\u00ba 6.346 en el Ilustre Colegio de Abogados de Granada.<\/strong><\/p>\n\n\n\n<p><strong>Direcci\u00f3n:<\/strong><\/p>\n\n\n\n<p>C\/Juan Pedernal, n\u00ba 4, BAJOS. C.P. 18.500 Guadix (Granada).<br>Residencial Paraiso de Macael.<\/p>\n\n\n\n<p><strong>Cita previa m\u00f3vil 1: 690 303 447.<\/strong><\/p>\n\n\n\n<p><strong>Cita previa m\u00f3vil 2: 656 256 803.<\/strong><\/p>\n\n\n\n<p><strong>Tel\u00e9fono despacho 1: 958 68 80 03.<\/strong><\/p>\n\n\n\n<p><strong>Tel\u00e9fono despacho 2: 958 68 09 00.<\/strong><\/p>\n\n\n\n<p><strong>Fax: 958 68 80 03.<\/strong><\/p>\n\n\n\n<p><strong>E-mail:&nbsp;<\/strong><\/p>\n\n\n\n<p><strong><a href=\"mailto:elisabeth.gutierrez.alcala@gmail.com\">elisabeth.gutierrez.alcala@gmail.com<\/a><\/strong><\/p>\n\n\n\n<p><strong>E-mail:\u00a0<a href=\"mailto:despacho@todo-derecho.com\">despacho@todo-derecho.com<\/a><\/strong><\/p>\n\n\n\n<figure class=\"wp-block-image aligncenter size-full\"><img loading=\"lazy\" decoding=\"async\" width=\"720\" height=\"515\" src=\"https:\/\/todo-derecho.com\/wp-content\/uploads\/2025\/02\/custodia-compartida.png\" alt=\"\" class=\"wp-image-8012\"\/><\/figure>\n\n\n\n<p><\/p>\n\n\n\n<p>Nuestro despacho de abogados le ofrece asesoramiento en materia de custodia compartida.<\/p>\n\n\n\n<p>La custodia compartida tiene una serie de requisitos que no siempre pueden ser aplicados en todos los procedimientos debido a las circunstancias personales de cada menor y de los progenitores.<\/p>\n\n\n\n<p>En estos casos y para evitar problemas, es necesario estudiar la viabilidad de la custodia compartida y si ser\u00e1 positivo para los hijos menores en com\u00fan, lo mejor siempre es llegar a un <strong>acuerdo amistoso <\/strong>entre los padres en beneficio siempre de los hijos.<\/p>\n\n\n\n<p>Estamos a su entera disposici\u00f3n para lo que necesiten.<\/p>\n\n\n\n<p>***************<\/p>\n\n\n\n<figure class=\"wp-block-embed is-type-wp-embed is-provider-incrustado wp-block-embed-incrustado\"><div class=\"wp-block-embed__wrapper\">\n<blockquote class=\"wp-embedded-content\" data-secret=\"mdDJU8d7F9\"><a href=\"https:\/\/todo-derecho.com\/?page_id=61\">ACCESO Y CONSULTA ONLINE<\/a><\/blockquote><iframe loading=\"lazy\" class=\"wp-embedded-content\" sandbox=\"allow-scripts\" security=\"restricted\" style=\"position: absolute; visibility: hidden;\" title=\"\u00abACCESO Y CONSULTA ONLINE\u00bb \u2014 \" src=\"https:\/\/todo-derecho.com\/?page_id=61&#038;embed=true#?secret=hF4XiIiHKx#?secret=mdDJU8d7F9\" data-secret=\"mdDJU8d7F9\" width=\"500\" height=\"282\" frameborder=\"0\" marginwidth=\"0\" marginheight=\"0\" scrolling=\"no\"><\/iframe>\n<\/div><figcaption class=\"wp-element-caption\">Puede realizar su consulta legal en este enlace. <br>Honorarios: 25,00 Euros (IVA INCLUIDO).<\/figcaption><\/figure>\n\n\n\n<p><\/p>\n\n\n\n<p>***************<\/p>\n\n\n\n<p>Muchas gracias por su atenci\u00f3n. Bienvenido.<\/p>\n\n\n\n<div class=\"wp-block-media-text is-stacked-on-mobile\"><figure class=\"wp-block-media-text__media\"><img loading=\"lazy\" decoding=\"async\" width=\"1001\" height=\"736\" src=\"https:\/\/todo-derecho.com\/wp-content\/uploads\/2025\/05\/image-4-43.jpg\" alt=\"\" class=\"wp-image-9355 size-full\"\/><\/figure><div class=\"wp-block-media-text__content\">\n<p><strong>Muchas gracias por confiar en nuestro equipo jur\u00eddico.<\/strong><\/p>\n<\/div><\/div>\n\n\n\n<p>***************<\/p>\n\n\n\n<p>Web desarrollada por informatic@ Mipc: <a href=\"https:\/\/informaticamipc.com\/es\/\">https:\/\/informaticamipc.com\/es\/<\/a><\/p>\n","protected":false},"excerpt":{"rendered":"<p>ELISABET NATIVIDAD GUTI\u00c9RREZ ALCAL\u00c1. Abogada. Col.n\u00ba 6.346 en el Ilustre Colegio de Abogados de Granada. Direcci\u00f3n: C\/Juan Pedernal, n\u00ba 4, BAJOS. C.P. 18.500 Guadix (Granada).Residencial Paraiso de Macael. Cita previa m\u00f3vil 1: 690 303 447. Cita previa m\u00f3vil 2: 656 256 803. Tel\u00e9fono despacho 1: 958 68 80 03. Tel\u00e9fono despacho 2: 958 68 09 &hellip;<\/p>\n<p class=\"read-more\"> <a class=\"\" href=\"https:\/\/todo-derecho.com\/?page_id=8009\"> <span class=\"screen-reader-text\">Custodia compartida<\/span> Leer m\u00e1s &raquo;<\/a><\/p>\n","protected":false},"author":1,"featured_media":0,"parent":0,"menu_order":0,"comment_status":"closed","ping_status":"closed","template":"","meta":{"site-sidebar-layout":"default","site-content-layout":"default","ast-global-header-display":"","ast-banner-title-visibility":"","ast-main-header-display":"","ast-hfb-above-header-display":"","ast-hfb-below-header-display":"","ast-hfb-mobile-header-display":"","site-post-title":"","ast-breadcrumbs-content":"","ast-featured-img":"","footer-sml-layout":"","theme-transparent-header-meta":"","adv-header-id-meta":"","stick-header-meta":"","header-above-stick-meta":"","header-main-stick-meta":"","header-below-stick-meta":"","footnotes":""},"class_list":["post-8009","page","type-page","status-publish","hentry"],"_links":{"self":[{"href":"https:\/\/todo-derecho.com\/index.php?rest_route=\/wp\/v2\/pages\/8009","targetHints":{"allow":["GET"]}}],"collection":[{"href":"https:\/\/todo-derecho.com\/index.php?rest_route=\/wp\/v2\/pages"}],"about":[{"href":"https:\/\/todo-derecho.com\/index.php?rest_route=\/wp\/v2\/types\/page"}],"author":[{"embeddable":true,"href":"https:\/\/todo-derecho.com\/index.php?rest_route=\/wp\/v2\/users\/1"}],"replies":[{"embeddable":true,"href":"https:\/\/todo-derecho.com\/index.php?rest_route=%2Fwp%2Fv2%2Fcomments&post=8009"}],"version-history":[{"count":21,"href":"https:\/\/todo-derecho.com\/index.php?rest_route=\/wp\/v2\/pages\/8009\/revisions"}],"predecessor-version":[{"id":9358,"href":"https:\/\/todo-derecho.com\/index.php?rest_route=\/wp\/v2\/pages\/8009\/revisions\/9358"}],"wp:attachment":[{"href":"https:\/\/todo-derecho.com\/index.php?rest_route=%2Fwp%2Fv2%2Fmedia&parent=8009"}],"curies":[{"name":"wp","href":"https:\/\/api.w.org\/{rel}","templated":true}]}}