{"id":940,"date":"2023-06-11T18:37:48","date_gmt":"2023-06-11T18:37:48","guid":{"rendered":"https:\/\/todo-derecho.com\/?page_id=940"},"modified":"2025-05-10T19:47:49","modified_gmt":"2025-05-10T19:47:49","slug":"consulta-juridica-por-videoconferencia","status":"publish","type":"page","link":"https:\/\/todo-derecho.com\/?page_id=940","title":{"rendered":"Consulta jur\u00eddica por videoconferencia."},"content":{"rendered":"\n<p><strong>ELISABET NATIVIDAD GUTI\u00c9RREZ ALCAL\u00c1.<\/strong><\/p>\n\n\n\n<p><strong>Abogada. Col.n\u00ba 6.346 en el Ilustre Colegio de Abogados de Granada.<\/strong><\/p>\n\n\n\n<p><strong>Direcci\u00f3n:<\/strong><\/p>\n\n\n\n<p>C\/Juan Pedernal, n\u00ba 4, BAJOS. C.P. 18.500 Guadix (Granada).<br>Residencial Paraiso de Macael.<\/p>\n\n\n\n<p><strong>Cita previa m\u00f3vil 1: 690 303 447.<\/strong><\/p>\n\n\n\n<p><strong>Cita previa m\u00f3vil 2: 656 256 803.<\/strong><\/p>\n\n\n\n<p><strong>Tel\u00e9fono despacho 1: 958 68 80 03.<\/strong><\/p>\n\n\n\n<p><strong>Tel\u00e9fono despacho 2: 958 68 09 00.<\/strong><\/p>\n\n\n\n<p><strong>Fax: 958 68 80 03.<\/strong><\/p>\n\n\n\n<p><strong>E-mail:&nbsp;<\/strong><\/p>\n\n\n\n<p><strong><a href=\"mailto:elisabeth.gutierrez.alcala@gmail.com\">elisabeth.gutierrez.alcala@gmail.com<\/a><\/strong><\/p>\n\n\n\n<p><strong>E-mail:\u00a0<a href=\"mailto:despacho@todo-derecho.com\">despacho@todo-derecho.com<\/a><\/strong><\/p>\n\n\n\n<p>Es imprescindible reservar cita previa para poder ser atendido por videoconferencia.<\/p>\n\n\n\n<p>La videoconferencia puede realizarse en varias aplicaciones:<\/p>\n\n\n\n<p>Zoom.<\/p>\n\n\n\n<p>Google Meet.<\/p>\n\n\n\n<p>Microsoft teams.<\/p>\n\n\n\n<p>WhatsApp.<\/p>\n\n\n\n<p>La consulta jur\u00eddica debe pagarse por adelantado mediante transferencia bancaria o bizum.<\/p>\n\n\n\n<p>Honorarios: 50,00 Euros.<\/p>\n\n\n\n<p>En este tipo de servicio se atender\u00e1n consultas de menor gravedad.<\/p>\n\n\n\n<p>En el caso de que tenga que enviarnos alg\u00fan tipo de documentaci\u00f3n, puede remitirlo al siguiente correo electr\u00f3nico:<\/p>\n\n\n\n<p><a href=\"mailto:elisabeth.gutierrez.alcala@gmail.com\"><strong>elisabeth.gutierrez.alcala@gmail.com<\/strong><\/a><\/p>\n\n\n\n<figure class=\"wp-block-image aligncenter size-large\"><img loading=\"lazy\" decoding=\"async\" width=\"1024\" height=\"768\" src=\"https:\/\/todo-derecho.com\/wp-content\/uploads\/2023\/06\/TODO-DERECHO-75-1-1024x768.jpg\" alt=\"\" class=\"wp-image-911\" srcset=\"https:\/\/todo-derecho.com\/wp-content\/uploads\/2023\/06\/TODO-DERECHO-75-1-1024x768.jpg 1024w, https:\/\/todo-derecho.com\/wp-content\/uploads\/2023\/06\/TODO-DERECHO-75-1-300x225.jpg 300w, https:\/\/todo-derecho.com\/wp-content\/uploads\/2023\/06\/TODO-DERECHO-75-1-768x576.jpg 768w, https:\/\/todo-derecho.com\/wp-content\/uploads\/2023\/06\/TODO-DERECHO-75-1-1536x1152.jpg 1536w, https:\/\/todo-derecho.com\/wp-content\/uploads\/2023\/06\/TODO-DERECHO-75-1.jpg 2048w\" sizes=\"auto, (max-width: 1024px) 100vw, 1024px\" \/><\/figure>\n\n\n\n<figure class=\"wp-block-embed is-type-wp-embed is-provider-incrustado wp-block-embed-incrustado\"><div class=\"wp-block-embed__wrapper\">\n<blockquote class=\"wp-embedded-content\" data-secret=\"Auig7PeGdz\"><a href=\"https:\/\/todo-derecho.com\/?page_id=61\">ACCESO Y CONSULTA ONLINE<\/a><\/blockquote><iframe loading=\"lazy\" class=\"wp-embedded-content\" sandbox=\"allow-scripts\" security=\"restricted\" style=\"position: absolute; visibility: hidden;\" title=\"\u00abACCESO Y CONSULTA ONLINE\u00bb \u2014 \" src=\"https:\/\/todo-derecho.com\/?page_id=61&#038;embed=true#?secret=ViBZWQPCEd#?secret=Auig7PeGdz\" data-secret=\"Auig7PeGdz\" width=\"500\" height=\"282\" frameborder=\"0\" marginwidth=\"0\" marginheight=\"0\" scrolling=\"no\"><\/iframe>\n<\/div><figcaption class=\"wp-element-caption\">Puede realizar su consulta jur\u00eddica desde este enlace. Honorarios de la consulta 25,00 euros (IVA INCLUIDO).<\/figcaption><\/figure>\n\n\n\n<p>**************<\/p>\n\n\n\n<p>Muchas gracias por su atenci\u00f3n.<\/p>\n\n\n\n<div class=\"wp-block-media-text is-stacked-on-mobile\"><figure class=\"wp-block-media-text__media\"><img loading=\"lazy\" decoding=\"async\" width=\"1001\" height=\"736\" src=\"https:\/\/todo-derecho.com\/wp-content\/uploads\/2025\/05\/image-4-3.jpg\" alt=\"\" class=\"wp-image-8895 size-full\"\/><\/figure><div class=\"wp-block-media-text__content\">\n<p><strong>Siempre a su disposici\u00f3n para lo que necesite.<\/strong><\/p>\n<\/div><\/div>\n\n\n\n<p>**************<\/p>\n\n\n\n<p>Web desarrollada por informatic@ Mipc: <a href=\"https:\/\/informaticamipc.com\/es\/\">https:\/\/informaticamipc.com\/es\/<\/a><\/p>\n","protected":false},"excerpt":{"rendered":"<p>ELISABET NATIVIDAD GUTI\u00c9RREZ ALCAL\u00c1. Abogada. Col.n\u00ba 6.346 en el Ilustre Colegio de Abogados de Granada. Direcci\u00f3n: C\/Juan Pedernal, n\u00ba 4, BAJOS. C.P. 18.500 Guadix (Granada).Residencial Paraiso de Macael. Cita previa m\u00f3vil 1: 690 303 447. Cita previa m\u00f3vil 2: 656 256 803. Tel\u00e9fono despacho 1: 958 68 80 03. Tel\u00e9fono despacho 2: 958 68 09 &hellip;<\/p>\n<p class=\"read-more\"> <a class=\"\" href=\"https:\/\/todo-derecho.com\/?page_id=940\"> <span class=\"screen-reader-text\">Consulta jur\u00eddica por videoconferencia.<\/span> Leer m\u00e1s &raquo;<\/a><\/p>\n","protected":false},"author":1,"featured_media":0,"parent":0,"menu_order":0,"comment_status":"closed","ping_status":"closed","template":"","meta":{"site-sidebar-layout":"default","site-content-layout":"default","ast-global-header-display":"","ast-banner-title-visibility":"","ast-main-header-display":"","ast-hfb-above-header-display":"","ast-hfb-below-header-display":"","ast-hfb-mobile-header-display":"","site-post-title":"","ast-breadcrumbs-content":"","ast-featured-img":"","footer-sml-layout":"","theme-transparent-header-meta":"","adv-header-id-meta":"","stick-header-meta":"","header-above-stick-meta":"","header-main-stick-meta":"","header-below-stick-meta":"","footnotes":""},"class_list":["post-940","page","type-page","status-publish","hentry"],"_links":{"self":[{"href":"https:\/\/todo-derecho.com\/index.php?rest_route=\/wp\/v2\/pages\/940","targetHints":{"allow":["GET"]}}],"collection":[{"href":"https:\/\/todo-derecho.com\/index.php?rest_route=\/wp\/v2\/pages"}],"about":[{"href":"https:\/\/todo-derecho.com\/index.php?rest_route=\/wp\/v2\/types\/page"}],"author":[{"embeddable":true,"href":"https:\/\/todo-derecho.com\/index.php?rest_route=\/wp\/v2\/users\/1"}],"replies":[{"embeddable":true,"href":"https:\/\/todo-derecho.com\/index.php?rest_route=%2Fwp%2Fv2%2Fcomments&post=940"}],"version-history":[{"count":17,"href":"https:\/\/todo-derecho.com\/index.php?rest_route=\/wp\/v2\/pages\/940\/revisions"}],"predecessor-version":[{"id":8897,"href":"https:\/\/todo-derecho.com\/index.php?rest_route=\/wp\/v2\/pages\/940\/revisions\/8897"}],"wp:attachment":[{"href":"https:\/\/todo-derecho.com\/index.php?rest_route=%2Fwp%2Fv2%2Fmedia&parent=940"}],"curies":[{"name":"wp","href":"https:\/\/api.w.org\/{rel}","templated":true}]}}